{"id":5569,"date":"2012-05-16T09:22:41","date_gmt":"2012-05-16T09:22:41","guid":{"rendered":"https:\/\/fincacatering.com\/fincas-organizacion-eventos\/"},"modified":"2020-03-11T10:15:09","modified_gmt":"2020-03-11T10:15:09","slug":"finques-organitzacio-esdeveniments","status":"publish","type":"page","link":"https:\/\/fincacatering.com\/ca\/finques-organitzacio-esdeveniments\/","title":{"rendered":"Finques a Mallorca"},"content":{"rendered":"<p>[et_pb_section fb_built=&#8221;1&#8243; admin_label=&#8221;section&#8221; module_class=&#8221;fincas&#8221; _builder_version=&#8221;3.22&#8243;][et_pb_row _builder_version=&#8221;4.4.0&#8243; background_color=&#8221;#a0d5dd&#8221; background_size=&#8221;initial&#8221; background_position=&#8221;top_left&#8221; background_repeat=&#8221;repeat&#8221; hover_enabled=&#8221;0&#8243;][et_pb_column type=&#8221;4_4&#8243; _builder_version=&#8221;3.25&#8243; background_position=&#8221;top_left&#8221; custom_padding=&#8221;|||&#8221; custom_padding__hover=&#8221;|||&#8221;][et_pb_text module_class=&#8221;titulopagina&#8221; _builder_version=&#8221;3.27.4&#8243; header_font_size=&#8221;65px&#8221; background_size=&#8221;initial&#8221; background_position=&#8221;top_left&#8221; background_repeat=&#8221;repeat&#8221;]<\/p>\n<h1>Finques a Mallorca<\/h1>\n<p>Consulti les nostres finques per a la realitzaci\u00f3 d&#8217;esdeveniments a Mallorca:<br \/>\n[\/et_pb_text][\/et_pb_column][\/et_pb_row][et_pb_row column_structure=&#8221;1_2,1_2&#8243; admin_label=&#8221;row&#8221; _builder_version=&#8221;3.25&#8243; background_size=&#8221;%22initial%22&#8243; background_position=&#8221;%22top_left%22&#8243; background_repeat=&#8221;%22repeat%22&#8243;][et_pb_column type=&#8221;1_2&#8243; _builder_version=&#8221;3.25&#8243; custom_padding=&#8221;|||&#8221; custom_padding__hover=&#8221;|||&#8221;][et_pb_image src=&#8221;https:\/\/fincacatering.com\/wp-content\/uploads\/2019\/07\/popup-finca-son-pou.jpg&#8221; url=&#8221;https:\/\/fincacatering.com\/ca\/finca-sonpou\/&#8221; _builder_version=&#8221;4.0.4&#8243;][\/et_pb_image][\/et_pb_column][et_pb_column type=&#8221;1_2&#8243; _builder_version=&#8221;3.25&#8243; custom_padding=&#8221;|||&#8221; custom_padding__hover=&#8221;|||&#8221;][et_pb_text _builder_version=&#8221;4.0.4&#8243;]<\/p>\n<h3>Finca Son Pou<\/h3>\n<p>Capacitat: Consultar<\/p>\n<p>[\/et_pb_text][et_pb_button button_url=&#8221;https:\/\/fincacatering.com\/ca\/finca-sonpou\/&#8221; button_text=&#8221;Tarifes promocionals&#8221; _builder_version=&#8221;4.0.4&#8243;][\/et_pb_button][\/et_pb_column][\/et_pb_row][et_pb_row column_structure=&#8221;1_4,1_4,1_4,1_4&#8243; admin_label=&#8221;row&#8221; _builder_version=&#8221;3.25&#8243; background_size=&#8221;%22initial%22&#8243; background_position=&#8221;%22top_left%22&#8243; background_repeat=&#8221;%22repeat%22&#8243;][et_pb_column type=&#8221;1_4&#8243; _builder_version=&#8221;3.25&#8243; custom_padding=&#8221;|||&#8221; custom_padding__hover=&#8221;|||&#8221;][et_pb_blurb title=&#8221;Finca Bodega&#8221; url=&#8221;https:\/\/fincacatering.com\/ca\/finca-bodega\/&#8221; image=&#8221;https:\/\/fincacatering.com\/wp-content\/uploads\/2016\/01\/evento-fotos-2-7.jpg&#8221; admin_label=&#8221;Finca&#8221; _builder_version=&#8221;3.0.106&#8243; background_position=&#8221;top_left&#8221; max_width_tablet=&#8221;50px&#8221; use_border_color=&#8221;off&#8221;]Capacitat: Consultar<br \/>\n[\/et_pb_blurb][\/et_pb_column][et_pb_column type=&#8221;1_4&#8243; _builder_version=&#8221;3.25&#8243; custom_padding=&#8221;|||&#8221; custom_padding__hover=&#8221;|||&#8221;][et_pb_blurb title=&#8221;Finca Monika&#8221; url=&#8221;https:\/\/fincacatering.com\/ca\/finca-monika\/&#8221; image=&#8221;https:\/\/fincacatering.com\/wp-content\/uploads\/2016\/01\/DSC_1512-1.jpg&#8221; admin_label=&#8221;Finca&#8221; _builder_version=&#8221;3.0.106&#8243; background_position=&#8221;top_left&#8221; max_width_tablet=&#8221;50px&#8221; use_border_color=&#8221;off&#8221;]Capacitat: Consultar<br \/>\n[\/et_pb_blurb][\/et_pb_column][et_pb_column type=&#8221;1_4&#8243; _builder_version=&#8221;3.25&#8243; custom_padding=&#8221;|||&#8221; custom_padding__hover=&#8221;|||&#8221;][et_pb_blurb title=&#8221;Finca Rose&#8221; url=&#8221;https:\/\/fincacatering.com\/ca\/finca-rose\/&#8221; image=&#8221;https:\/\/fincacatering.com\/wp-content\/uploads\/2015\/05\/IMG-web1.jpg&#8221; admin_label=&#8221;Rose&#8221; _builder_version=&#8221;3.0.106&#8243; background_position=&#8221;top_left&#8221; max_width_tablet=&#8221;50px&#8221; use_border_color=&#8221;off&#8221;]Capacitat: 20 persones<br \/>\n[\/et_pb_blurb][\/et_pb_column][et_pb_column type=&#8221;1_4&#8243; _builder_version=&#8221;3.25&#8243; custom_padding=&#8221;|||&#8221; custom_padding__hover=&#8221;|||&#8221;][et_pb_blurb title=&#8221;Finca Pollensa&#8221; url=&#8221;https:\/\/fincacatering.com\/ca\/finca-pollensa\/&#8221; image=&#8221;https:\/\/fincacatering.com\/wp-content\/uploads\/2015\/04\/Finca-Pollensa-Aussen-Stein.jpg&#8221; admin_label=&#8221;Finca&#8221; _builder_version=&#8221;3.0.106&#8243; background_position=&#8221;top_left&#8221; max_width_tablet=&#8221;50px&#8221; use_border_color=&#8221;off&#8221;]Capacitat: A petici\u00f3<br \/>\nRegi\u00f3: Pollen\u00e7a<br \/>\n[\/et_pb_blurb][\/et_pb_column][\/et_pb_row][et_pb_row column_structure=&#8221;1_4,1_4,1_4,1_4&#8243; admin_label=&#8221;row&#8221; _builder_version=&#8221;3.25&#8243; background_size=&#8221;%22initial%22&#8243; background_position=&#8221;%22top_left%22&#8243; background_repeat=&#8221;%22repeat%22&#8243;][et_pb_column type=&#8221;1_4&#8243; _builder_version=&#8221;3.25&#8243; custom_padding=&#8221;|||&#8221; custom_padding__hover=&#8221;|||&#8221;][et_pb_blurb title=&#8221;Finca Alcudia&#8221; url=&#8221;https:\/\/fincacatering.com\/ca\/finca-alcudia\/&#8221; image=&#8221;https:\/\/fincacatering.com\/wp-content\/uploads\/2015\/04\/Finca-Alcudia-Front-Bild.jpg&#8221; admin_label=&#8221;Finca&#8221; _builder_version=&#8221;3.0.106&#8243; background_position=&#8221;top_left&#8221; max_width_tablet=&#8221;50px&#8221; use_border_color=&#8221;off&#8221;]Capacitat: A petici\u00f3<br \/>\nRegi\u00f3: Alc\u00fadia<br \/>\n[\/et_pb_blurb][\/et_pb_column][et_pb_column type=&#8221;1_4&#8243; _builder_version=&#8221;3.25&#8243; custom_padding=&#8221;|||&#8221; custom_padding__hover=&#8221;|||&#8221;][et_pb_blurb title=&#8221;Finca Orient&#8221; url=&#8221;https:\/\/fincacatering.com\/ca\/finca-orient\/&#8221; image=&#8221;https:\/\/fincacatering.com\/wp-content\/uploads\/2015\/03\/finca-orient-safareig-iluminacio.jpg&#8221; admin_label=&#8221;Finca&#8221; _builder_version=&#8221;3.0.106&#8243; background_position=&#8221;top_left&#8221; max_width_tablet=&#8221;50px&#8221; use_border_color=&#8221;off&#8221;]Capacitat: Fins a 400<br \/>\nRegi\u00f3: Serra de Tramuntana, Orient<br \/>\n[\/et_pb_blurb][\/et_pb_column][et_pb_column type=&#8221;1_4&#8243; _builder_version=&#8221;3.25&#8243; custom_padding=&#8221;|||&#8221; custom_padding__hover=&#8221;|||&#8221;][et_pb_blurb title=&#8221;Finca Hotel Victoria&#8221; url=&#8221;https:\/\/fincacatering.com\/ca\/finca-hotel-victoria\/&#8221; image=&#8221;https:\/\/fincacatering.com\/wp-content\/uploads\/2015\/03\/0-finca-victoria.jpeg&#8221; admin_label=&#8221;Finca&#8221; _builder_version=&#8221;3.0.106&#8243; background_position=&#8221;top_left&#8221; max_width_tablet=&#8221;50px&#8221; use_border_color=&#8221;off&#8221;]Capacitat: Consultar<br \/>\nRegi\u00f3: Cala Bona<br \/>\n[\/et_pb_blurb][\/et_pb_column][et_pb_column type=&#8221;1_4&#8243; _builder_version=&#8221;3.25&#8243; custom_padding=&#8221;|||&#8221; custom_padding__hover=&#8221;|||&#8221;][et_pb_blurb title=&#8221;Finca Son Marroig&#8221; url=&#8221;https:\/\/fincacatering.com\/ca\/finca-son-marroig\/&#8221; image=&#8221;https:\/\/fincacatering.com\/wp-content\/uploads\/2015\/03\/3-finca-son-marroig.jpg&#8221; admin_label=&#8221;Finca&#8221; _builder_version=&#8221;3.0.106&#8243; background_position=&#8221;top_left&#8221; max_width_tablet=&#8221;50px&#8221; use_border_color=&#8221;off&#8221;]Capacitat: 200 persones<br \/>\nRegi\u00f3: Dei\u00e1<br \/>\n[\/et_pb_blurb][\/et_pb_column][\/et_pb_row][et_pb_row column_structure=&#8221;1_4,1_4,1_4,1_4&#8243; admin_label=&#8221;row&#8221; _builder_version=&#8221;3.25&#8243; background_size=&#8221;%22initial%22&#8243; background_position=&#8221;%22top_left%22&#8243; background_repeat=&#8221;%22repeat%22&#8243;][et_pb_column type=&#8221;1_4&#8243; _builder_version=&#8221;3.25&#8243; custom_padding=&#8221;|||&#8221; custom_padding__hover=&#8221;|||&#8221;][et_pb_blurb title=&#8221;Finca Marina Son Gual&#8221; url=&#8221;https:\/\/fincacatering.com\/ca\/finca-marina-son-gual\/&#8221; image=&#8221;https:\/\/fincacatering.com\/wp-content\/uploads\/2015\/02\/entrada-finca.jpeg&#8221; admin_label=&#8221;Finca&#8221; _builder_version=&#8221;3.0.106&#8243; background_position=&#8221;top_left&#8221; max_width_tablet=&#8221;50px&#8221; use_border_color=&#8221;off&#8221;]Capacitat: A consultar<br \/>\nZona: Palma<br \/>\n[\/et_pb_blurb][\/et_pb_column][et_pb_column type=&#8221;1_4&#8243; _builder_version=&#8221;3.25&#8243; custom_padding=&#8221;|||&#8221; custom_padding__hover=&#8221;|||&#8221;][et_pb_blurb title=&#8221;Finca Andratx&#8221; url=&#8221;https:\/\/fincacatering.com\/ca\/finca-andratx\/&#8221; image=&#8221;https:\/\/fincacatering.com\/wp-content\/uploads\/2014\/10\/finca-bernat.jpg&#8221; admin_label=&#8221;Finca&#8221; _builder_version=&#8221;3.0.106&#8243; background_position=&#8221;top_left&#8221; max_width_tablet=&#8221;50px&#8221; use_border_color=&#8221;off&#8221;]Capacitat: Consultar<br \/>\nRegi\u00f3: Andratx<br \/>\n[\/et_pb_blurb][\/et_pb_column][et_pb_column type=&#8221;1_4&#8243; _builder_version=&#8221;3.25&#8243; custom_padding=&#8221;|||&#8221; custom_padding__hover=&#8221;|||&#8221;][et_pb_blurb title=&#8221;Finca Blava&#8221; url=&#8221;https:\/\/fincacatering.com\/ca\/finca-blava\/&#8221; image=&#8221;https:\/\/fincacatering.com\/wp-content\/uploads\/2014\/01\/DSC_0197.jpg&#8221; admin_label=&#8221;Finca&#8221; _builder_version=&#8221;3.0.106&#8243; background_position=&#8221;top_left&#8221; max_width_tablet=&#8221;50px&#8221; use_border_color=&#8221;off&#8221;]Capacitat: Consultar<br \/>\nRegi\u00f3: Andratx<br \/>\n[\/et_pb_blurb][\/et_pb_column][et_pb_column type=&#8221;1_4&#8243; _builder_version=&#8221;3.25&#8243; custom_padding=&#8221;|||&#8221; custom_padding__hover=&#8221;|||&#8221;][et_pb_blurb title=&#8221;Finca B\u00e1rbara&#8221; url=&#8221;https:\/\/fincacatering.com\/ca\/finca-barbara\/&#8221; image=&#8221;https:\/\/fincacatering.com\/wp-content\/uploads\/2013\/06\/finca-barbara-1.jpg&#8221; admin_label=&#8221;Finca&#8221; _builder_version=&#8221;3.0.106&#8243; background_position=&#8221;top_left&#8221; max_width_tablet=&#8221;50px&#8221; use_border_color=&#8221;off&#8221;]Capacitat: Consultar<br \/>\nRegi\u00f3: Sant Lloren\u00e7 des Cardassar<br \/>\n[\/et_pb_blurb][\/et_pb_column][\/et_pb_row][et_pb_row column_structure=&#8221;1_4,1_4,1_4,1_4&#8243; _builder_version=&#8221;3.25&#8243; background_size=&#8221;%22initial%22&#8243; background_position=&#8221;%22top_left%22&#8243; background_repeat=&#8221;%22repeat%22&#8243;][et_pb_column type=&#8221;1_4&#8243; _builder_version=&#8221;3.25&#8243; custom_padding=&#8221;|||&#8221; custom_padding__hover=&#8221;|||&#8221;][et_pb_blurb title=&#8221;Finca Christina&#8221; url=&#8221;https:\/\/fincacatering.com\/ca\/finca-christina\/&#8221; image=&#8221;https:\/\/fincacatering.com\/wp-content\/uploads\/2013\/04\/GS46299-Version2.jpg&#8221; admin_label=&#8221;Finca&#8221; _builder_version=&#8221;3.0.106&#8243; background_position=&#8221;top_left&#8221; max_width_tablet=&#8221;50px&#8221; use_border_color=&#8221;off&#8221;]Capacitat: 14 -16 persones<br \/>\nRegi\u00f3: Llevant<br \/>\n[\/et_pb_blurb][\/et_pb_column][et_pb_column type=&#8221;1_4&#8243; _builder_version=&#8221;3.25&#8243; custom_padding=&#8221;|||&#8221; custom_padding__hover=&#8221;|||&#8221;][et_pb_blurb title=&#8221;Finca Montu\u00efri&#8221; url=&#8221;https:\/\/fincacatering.com\/ca\/finca-montuiri\/&#8221; image=&#8221;https:\/\/fincacatering.com\/wp-content\/uploads\/2012\/05\/06.jpg&#8221; _builder_version=&#8221;3.0.106&#8243; background_position=&#8221;top_left&#8221; max_width_tablet=&#8221;50px&#8221; use_border_color=&#8221;off&#8221;]Capacitat: Consultar<br \/>\nRegi\u00f3: Consultar<br \/>\n[\/et_pb_blurb][\/et_pb_column][et_pb_column type=&#8221;1_4&#8243; _builder_version=&#8221;3.25&#8243; custom_padding=&#8221;|||&#8221; custom_padding__hover=&#8221;|||&#8221;][et_pb_blurb title=&#8221;Finca Son Gener&#8221; url=&#8221;https:\/\/fincacatering.com\/ca\/finca-son-gener\/&#8221; image=&#8221;https:\/\/fincacatering.com\/wp-content\/uploads\/2012\/11\/SON-GENER1.jpg&#8221; _builder_version=&#8221;3.0.106&#8243; background_position=&#8221;top_left&#8221; max_width_tablet=&#8221;50px&#8221; use_border_color=&#8221;off&#8221;]Capacitat: Consultar<br \/>\nRegi\u00f3: Llevant<br \/>\n[\/et_pb_blurb][\/et_pb_column][et_pb_column type=&#8221;1_4&#8243; _builder_version=&#8221;3.25&#8243; custom_padding=&#8221;|||&#8221; custom_padding__hover=&#8221;|||&#8221;][\/et_pb_column][\/et_pb_row][\/et_pb_section]<\/p>\n","protected":false},"excerpt":{"rendered":"<p>Finques a Mallorca Consulti les nostres finques per a la realitzaci\u00f3 d&#8217;esdeveniments a Mallorca: Finca Son Pou Capacitat: ConsultarCapacitat: Consultar Capacitat: Consultar Capacitat: 20 persones Capacitat: A petici\u00f3 Regi\u00f3: Pollen\u00e7a Capacitat: A petici\u00f3 Regi\u00f3: Alc\u00fadia Capacitat: Fins a 400 Regi\u00f3: Serra de Tramuntana, Orient Capacitat: Consultar Regi\u00f3: Cala Bona Capacitat: 200 persones Regi\u00f3: Dei\u00e1 Capacitat: [&hellip;]<\/p>\n","protected":false},"author":1,"featured_media":0,"parent":0,"menu_order":0,"comment_status":"closed","ping_status":"closed","template":"","meta":{"_et_pb_use_builder":"on","_et_pb_old_content":"","_et_gb_content_width":"","inline_featured_image":false,"footnotes":""},"class_list":["post-5569","page","type-page","status-publish","hentry"],"_links":{"self":[{"href":"https:\/\/fincacatering.com\/ca\/wp-json\/wp\/v2\/pages\/5569","targetHints":{"allow":["GET"]}}],"collection":[{"href":"https:\/\/fincacatering.com\/ca\/wp-json\/wp\/v2\/pages"}],"about":[{"href":"https:\/\/fincacatering.com\/ca\/wp-json\/wp\/v2\/types\/page"}],"author":[{"embeddable":true,"href":"https:\/\/fincacatering.com\/ca\/wp-json\/wp\/v2\/users\/1"}],"replies":[{"embeddable":true,"href":"https:\/\/fincacatering.com\/ca\/wp-json\/wp\/v2\/comments?post=5569"}],"version-history":[{"count":2,"href":"https:\/\/fincacatering.com\/ca\/wp-json\/wp\/v2\/pages\/5569\/revisions"}],"predecessor-version":[{"id":6194,"href":"https:\/\/fincacatering.com\/ca\/wp-json\/wp\/v2\/pages\/5569\/revisions\/6194"}],"wp:attachment":[{"href":"https:\/\/fincacatering.com\/ca\/wp-json\/wp\/v2\/media?parent=5569"}],"curies":[{"name":"wp","href":"https:\/\/api.w.org\/{rel}","templated":true}]}}