{"id":5594,"date":"2015-03-09T12:29:23","date_gmt":"2015-03-09T12:29:23","guid":{"rendered":"https:\/\/fincacatering.com\/finca-son-marroig\/"},"modified":"2018-04-19T14:16:27","modified_gmt":"2018-04-19T14:16:27","slug":"finca-son-marroig","status":"publish","type":"page","link":"https:\/\/fincacatering.com\/ca\/finca-son-marroig\/","title":{"rendered":"Finca Son Marroig"},"content":{"rendered":"<p>[et_pb_section bb_built=&#8221;1&#8243; admin_label=&#8221;section&#8221;][et_pb_row admin_label=&#8221;row&#8221; background_position=&#8221;top_left&#8221; background_repeat=&#8221;repeat&#8221; background_size=&#8221;initial&#8221;][et_pb_column type=&#8221;2_3&#8243;][et_pb_text background_layout=&#8221;light&#8221; use_border_color=&#8221;off&#8221; background_position=&#8221;top_left&#8221; background_repeat=&#8221;repeat&#8221; background_size=&#8221;initial&#8221; _builder_version=&#8221;3.0.106&#8243;]<\/p>\n<h2>Finca Son Marroig<\/h2>\n<p>Finca Catering els ofereix un dels llocs mes excepcionals i m\u00e0gics de Balears.<br \/>\nSi estan buscant un lloc id\u00edl\u00b7lic i incre\u00efblement m\u00e0gic per celebrar el seu enlla\u00e7, Son Marroig els meravellar\u00e0 i els impactar\u00e0 per la seva enorme bellesa paisatg\u00edstica.<br \/>\nSituada a Dei\u00e0, Mallorca, la finca est\u00e0 situada en un empla\u00e7ament excepcional, ofereix una de les vistes m\u00e9s espectaculars al Mediterrani. La finca ha estat considerada B\u00e9 d&#8217;Inter\u00e8s Cultural per la seva espectacular arquitectura.<br \/>\nLi oferim la possibilitat de celebrar el seu esdeveniment en un llocs mes luxosos i m\u00e9s elegants de l&#8217;illa.<\/p>\n<p>[\/et_pb_text][et_pb_gallery gallery_ids=&#8221;1374,1375,1376,1377,1378,1379&#8243; fullwidth=&#8221;on&#8221; orientation=&#8221;landscape&#8221; show_title_and_caption=&#8221;on&#8221; show_pagination=&#8221;on&#8221; background_layout=&#8221;light&#8221; auto=&#8221;on&#8221; auto_speed=&#8221;2000&#8243; hover_overlay_color=&#8221;rgba(255,255,255,0.9)&#8221; use_border_color=&#8221;off&#8221; border_color=&#8221;#ffffff&#8221; border_style=&#8221;solid&#8221; \/][\/et_pb_column][et_pb_column type=&#8221;1_3&#8243;][et_pb_text background_layout=&#8221;light&#8221; use_border_color=&#8221;off&#8221; background_position=&#8221;top_left&#8221; background_repeat=&#8221;repeat&#8221; background_size=&#8221;initial&#8221; _builder_version=&#8221;3.0.106&#8243;]<\/p>\n\n<div class=\"wpcf7 no-js\" id=\"wpcf7-f5574-o1\" lang=\"en-US\" dir=\"ltr\" data-wpcf7-id=\"5574\">\n<div class=\"screen-reader-response\"><p role=\"status\" aria-live=\"polite\" aria-atomic=\"true\"><\/p> <ul><\/ul><\/div>\n<form action=\"\/ca\/wp-json\/wp\/v2\/pages\/5594#wpcf7-f5574-o1\" method=\"post\" class=\"wpcf7-form init\" aria-label=\"Contact form\" novalidate=\"novalidate\" data-status=\"init\">\n<fieldset class=\"hidden-fields-container\"><input type=\"hidden\" name=\"_wpcf7\" value=\"5574\" \/><input type=\"hidden\" name=\"_wpcf7_version\" value=\"6.1.5\" \/><input type=\"hidden\" name=\"_wpcf7_locale\" value=\"en_US\" \/><input type=\"hidden\" name=\"_wpcf7_unit_tag\" value=\"wpcf7-f5574-o1\" \/><input type=\"hidden\" name=\"_wpcf7_container_post\" value=\"0\" \/><input type=\"hidden\" name=\"_wpcf7_posted_data_hash\" value=\"\" \/><input type=\"hidden\" name=\"_wpcf7dtx_version\" value=\"5.0.4\" \/>\n<\/fieldset>\n<span class=\"wpcf7-form-control-wrap finca\" data-name=\"finca\"><input type=\"hidden\" name=\"finca\" class=\"wpcf7-form-control wpcf7-hidden wpcf7dtx wpcf7dtx-hidden\" aria-invalid=\"false\" value=\"Finca Son Marroig\"><\/span>\n<div class=\"form-finca\">\n\t<h4>Sol\u00b7licitar informaci\u00f3\n\t<\/h4>\n\t<p>Informa't sobre les nostres tarifes especials.\n\t<\/p>\n\t<p>Nom *\n\t<\/p>\n\t<p><span class=\"wpcf7-form-control-wrap\" data-name=\"your-name\"><input size=\"40\" maxlength=\"400\" class=\"wpcf7-form-control wpcf7-text wpcf7-validates-as-required\" aria-required=\"true\" aria-invalid=\"false\" value=\"\" type=\"text\" name=\"your-name\" \/><\/span>\n\t<\/p>\n\t<p>Email *\n\t<\/p>\n\t<p><span class=\"wpcf7-form-control-wrap\" data-name=\"your-email\"><input size=\"40\" maxlength=\"400\" class=\"wpcf7-form-control wpcf7-email wpcf7-validates-as-required wpcf7-text wpcf7-validates-as-email\" aria-required=\"true\" aria-invalid=\"false\" value=\"\" type=\"email\" name=\"your-email\" \/><\/span>\n\t<\/p>\n\t<p>Tel\u00e8fon\n\t<\/p>\n\t<p><span class=\"wpcf7-form-control-wrap\" data-name=\"your-phone\"><input size=\"40\" maxlength=\"400\" class=\"wpcf7-form-control wpcf7-text\" aria-invalid=\"false\" value=\"\" type=\"text\" name=\"your-phone\" \/><\/span>\n\t<\/p>\n\t<p>Comentaris\n\t<\/p>\n\t<p><span class=\"wpcf7-form-control-wrap\" data-name=\"your-message\"><textarea cols=\"40\" rows=\"10\" maxlength=\"2000\" class=\"wpcf7-form-control wpcf7-textarea\" aria-invalid=\"false\" name=\"your-message\"><\/textarea><\/span>\n\t<\/p>\n\t<p><span class=\"wpcf7-form-control-wrap\" data-name=\"politica\"><span class=\"wpcf7-form-control wpcf7-acceptance\"><span class=\"wpcf7-list-item\"><input type=\"checkbox\" name=\"politica\" value=\"1\" aria-invalid=\"false\" \/><\/span><\/span><\/span> He llegit i accepto la <a href=\"https:\/\/fincacatering.com\/aviso-legal\/\">pol\u00edtica de privacitat<\/a>\n\t<\/p>\n\t<p><input class=\"wpcf7-form-control wpcf7-submit has-spinner\" type=\"submit\" value=\"Enviar\" \/>\n\t<\/p>\n<\/div><p style=\"display: none !important;\" class=\"akismet-fields-container\" data-prefix=\"_wpcf7_ak_\"><label>&#916;<textarea name=\"_wpcf7_ak_hp_textarea\" cols=\"45\" rows=\"8\" maxlength=\"100\"><\/textarea><\/label><input type=\"hidden\" id=\"ak_js_1\" name=\"_wpcf7_ak_js\" value=\"95\"\/><script>document.getElementById( \"ak_js_1\" ).setAttribute( \"value\", ( new Date() ).getTime() );<\/script><\/p><div class=\"wpcf7-response-output\" aria-hidden=\"true\"><\/div>\n<\/form>\n<\/div>\n\n<p>[\/et_pb_text][\/et_pb_column][\/et_pb_row][\/et_pb_section]<\/p>\n","protected":false},"excerpt":{"rendered":"<p>Finca Son Marroig Finca Catering els ofereix un dels llocs mes excepcionals i m\u00e0gics de Balears. Si estan buscant un lloc id\u00edl\u00b7lic i incre\u00efblement m\u00e0gic per celebrar el seu enlla\u00e7, Son Marroig els meravellar\u00e0 i els impactar\u00e0 per la seva enorme bellesa paisatg\u00edstica. Situada a Dei\u00e0, Mallorca, la finca est\u00e0 situada en un empla\u00e7ament excepcional, [&hellip;]<\/p>\n","protected":false},"author":1,"featured_media":0,"parent":0,"menu_order":0,"comment_status":"closed","ping_status":"closed","template":"","meta":{"_et_pb_use_builder":"on","_et_pb_old_content":"","_et_gb_content_width":"","inline_featured_image":false,"footnotes":""},"class_list":["post-5594","page","type-page","status-publish","hentry"],"_links":{"self":[{"href":"https:\/\/fincacatering.com\/ca\/wp-json\/wp\/v2\/pages\/5594","targetHints":{"allow":["GET"]}}],"collection":[{"href":"https:\/\/fincacatering.com\/ca\/wp-json\/wp\/v2\/pages"}],"about":[{"href":"https:\/\/fincacatering.com\/ca\/wp-json\/wp\/v2\/types\/page"}],"author":[{"embeddable":true,"href":"https:\/\/fincacatering.com\/ca\/wp-json\/wp\/v2\/users\/1"}],"replies":[{"embeddable":true,"href":"https:\/\/fincacatering.com\/ca\/wp-json\/wp\/v2\/comments?post=5594"}],"version-history":[{"count":0,"href":"https:\/\/fincacatering.com\/ca\/wp-json\/wp\/v2\/pages\/5594\/revisions"}],"wp:attachment":[{"href":"https:\/\/fincacatering.com\/ca\/wp-json\/wp\/v2\/media?parent=5594"}],"curies":[{"name":"wp","href":"https:\/\/api.w.org\/{rel}","templated":true}]}}