{"id":4039,"date":"2017-03-23T12:17:54","date_gmt":"2017-03-23T12:17:54","guid":{"rendered":"https:\/\/fincacatering.com\/nueva\/inicio\/"},"modified":"2024-03-21T12:01:29","modified_gmt":"2024-03-21T12:01:29","slug":"inicio","status":"publish","type":"page","link":"https:\/\/fincacatering.com\/de\/","title":{"rendered":"INICIO DE"},"content":{"rendered":"<p>[et_pb_section fb_built=&#8220;1&#8243; _builder_version=&#8220;4.16&#8243; background_color=&#8220;#a0d5dd&#8220; background_video_mp4=&#8220;https:\/\/fincacatering.com\/wp-content\/uploads\/2020\/10\/bodas-mallorca.mp4&#8243; collapsed=&#8220;off&#8220; global_colors_info=&#8220;{}&#8220;][et_pb_row column_structure=&#8220;2_3,1_3&#8243; _builder_version=&#8220;4.19.4&#8243; background_size=&#8220;%22%22%22initial%22%22%22&#8243; background_position=&#8220;%22%22%22top_left%22%22%22&#8243; custom_margin=&#8220;50px||150px||false|false&#8220; global_colors_info=&#8220;{}&#8220;][et_pb_column type=&#8220;2_3&#8243; _builder_version=&#8220;4.16&#8243; custom_padding=&#8220;|||&#8220; global_colors_info=&#8220;{}&#8220; custom_padding__hover=&#8220;|||&#8220;][et_pb_text module_id=&#8220;abril-fatface&#8220; _builder_version=&#8220;4.19.4&#8243; text_text_color=&#8220;#cc1a6b&#8220; header_font_size=&#8220;40px&#8220; background_size=&#8220;initial&#8220; background_position=&#8220;top_left&#8220; background_repeat=&#8220;repeat&#8220; custom_margin=&#8220;||50px||false|false&#8220; border_style=&#8220;solid&#8220; global_colors_info=&#8220;{}&#8220;]<\/p>\n<h1 class=\"\">Events &amp; Organisation<\/h1>\n<p>[\/et_pb_text][\/et_pb_column][et_pb_column type=&#8220;1_3&#8243; _builder_version=&#8220;4.16&#8243; custom_padding=&#8220;|||&#8220; global_colors_info=&#8220;{}&#8220; custom_padding__hover=&#8220;|||&#8220;][et_pb_text module_class=&#8220;dancingscript&#8220; _builder_version=&#8220;4.16&#8243; text_font=&#8220;|on|||&#8220; text_text_color=&#8220;#333333&#8243; text_font_size=&#8220;40&#8243; background_size=&#8220;initial&#8220; background_position=&#8220;top_left&#8220; background_repeat=&#8220;repeat&#8220; text_orientation=&#8220;right&#8220; border_style=&#8220;solid&#8220; global_colors_info=&#8220;{}&#8220;]<span class=\"white\">Quality since 1999<\/span>[\/et_pb_text][\/et_pb_column][\/et_pb_row][\/et_pb_section][et_pb_section fb_built=&#8220;1&#8243; admin_label=&#8220;section&#8220; _builder_version=&#8220;4.24.2&#8243; background_enable_color=&#8220;off&#8220; background_image=&#8220;https:\/\/fincacatering.com\/wp-content\/uploads\/2023\/01\/fc-fondo.png&#8220; background_size=&#8220;contain&#8220; transparent_background=&#8220;off&#8220; locked=&#8220;off&#8220; collapsed=&#8220;off&#8220; global_colors_info=&#8220;{}&#8220;][et_pb_row admin_label=&#8220;row&#8220; _builder_version=&#8220;4.16&#8243; background_size=&#8220;%22%22%22%22initial%22%22%22%22&#8243; background_position=&#8220;%22%22%22%22top_left%22%22%22%22&#8243; global_colors_info=&#8220;{}&#8220;][et_pb_column type=&#8220;4_4&#8243; _builder_version=&#8220;4.16&#8243; custom_padding=&#8220;|||&#8220; global_colors_info=&#8220;{}&#8220; custom_padding__hover=&#8220;|||&#8220;][et_pb_text _builder_version=&#8220;4.24.2&#8243; text_font=&#8220;EB Garamond|||on|||||&#8220; text_text_color=&#8220;#000000&#8243; text_font_size=&#8220;60px&#8220; text_line_height=&#8220;1.1em&#8220; header_font_size=&#8220;85px&#8220; background_size=&#8220;initial&#8220; background_position=&#8220;top_left&#8220; background_repeat=&#8220;repeat&#8220; text_orientation=&#8220;center&#8220; module_alignment=&#8220;center&#8220; hover_enabled=&#8220;0&#8243; use_border_color=&#8220;off&#8220; border_color=&#8220;#ffffff&#8220; border_style=&#8220;solid&#8220; global_colors_info=&#8220;{}&#8220; sticky_enabled=&#8220;0&#8243;]<\/p>\n<h2>Unvergessliches Catering auf Mallorca:<\/h2>\n<p>[\/et_pb_text][et_pb_text _builder_version=&#8220;4.24.2&#8243; text_font=&#8220;Montserrat|||on|||||&#8220; text_text_color=&#8220;#000000&#8243; header_font_size=&#8220;85px&#8220; background_size=&#8220;initial&#8220; background_position=&#8220;top_left&#8220; background_repeat=&#8220;repeat&#8220; text_orientation=&#8220;center&#8220; module_alignment=&#8220;center&#8220; custom_margin=&#8220;10px||||false|false&#8220; hover_enabled=&#8220;0&#8243; use_border_color=&#8220;off&#8220; border_color=&#8220;#ffffff&#8220; border_style=&#8220;solid&#8220; global_colors_info=&#8220;{}&#8220; sticky_enabled=&#8220;0&#8243;]<\/p>\n<h3>Leidenschaft, Stil und Genuss vereint!<\/h3>\n<p>[\/et_pb_text][et_pb_text _builder_version=&#8220;4.24.2&#8243; _module_preset=&#8220;default&#8220; global_colors_info=&#8220;{}&#8220;]Bei uns dreht sich alles um leidenschaftliches Catering mit einer pers\u00f6nlichen Note und einem Hauch von Trendiness! Wir sind die idealen Partner f\u00fcr unvergessliche Events auf Mallorca, bei denen Engagement und Stil im Vordergrund stehen.<\/p>\n<p>Als Familienbetrieb ist es unsere Mission, jedes Detail mit Sorgfalt zu planen, damit Ihr Finca-Event ein voller Erfolg wird. Jedes Gericht, das unsere K\u00fcche verl\u00e4sst, ist ein wahres Geschmackserlebnis &#8211; mit Liebe zubereitet und serviert.<\/p>\n<p>Unser oberstes Ziel ist es, nicht nur zufriedene, sondern begeisterte G\u00e4ste zu haben. Vertrauen Sie auf unsere Expertise und Hingabe, um Ihre Veranstaltung auf Mallorca zu einem unvergesslichen Erlebnis zu machen.<\/p>\n<p>Als Besitzer tragen wir pers\u00f6nlich die Verantwortung daf\u00fcr, dass jedes Catering perfekt ist. Unsere langj\u00e4hrige Erfahrung im Catering auf Fincas und unser Streben nach h\u00f6chster Qualit\u00e4t garantieren Ihnen ein kulinarisches Erlebnis sowie einen reibungslosen Ablauf, den Sie nicht vergessen werden.[\/et_pb_text][\/et_pb_column][\/et_pb_row][et_pb_row column_structure=&#8220;1_3,1_3,1_3&#8243; use_custom_gutter=&#8220;on&#8220; gutter_width=&#8220;2&#8243; make_equal=&#8220;on&#8220; _builder_version=&#8220;4.24.2&#8243; _module_preset=&#8220;default&#8220; background_color=&#8220;rgba(255,255,255,0.7)&#8220; width=&#8220;100%&#8220; max_width=&#8220;1300px&#8220; module_alignment=&#8220;center&#8220; custom_margin=&#8220;||||false|false&#8220; custom_padding=&#8220;||||false|false&#8220; global_colors_info=&#8220;{}&#8220;][et_pb_column type=&#8220;1_3&#8243; _builder_version=&#8220;4.24.2&#8243; _module_preset=&#8220;default&#8220; background_image=&#8220;https:\/\/fincacatering.com\/wp-content\/uploads\/2024\/02\/events-and-more.jpeg&#8220; link_option_url=&#8220;https:\/\/fincacatering.com\/de\/events-more\/&#8220; global_colors_info=&#8220;{}&#8220;][et_pb_text _builder_version=&#8220;4.24.2&#8243; _module_preset=&#8220;default&#8220; text_font=&#8220;Montserrat|||on|||||&#8220; text_text_color=&#8220;#000000&#8243; text_font_size=&#8220;20px&#8220; background_color=&#8220;rgba(255,255,255,0.7)&#8220; text_orientation=&#8220;center&#8220; max_width=&#8220;60%&#8220; module_alignment=&#8220;center&#8220; custom_margin=&#8220;95px||95px||false|false&#8220; custom_padding=&#8220;20px||20px||false|false&#8220; global_colors_info=&#8220;{}&#8220;]EVENTS &#038; MORE[\/et_pb_text][\/et_pb_column][et_pb_column type=&#8220;1_3&#8243; _builder_version=&#8220;4.24.2&#8243; _module_preset=&#8220;default&#8220; background_image=&#8220;https:\/\/fincacatering.com\/wp-content\/uploads\/2024\/02\/weddings.jpg&#8220; link_option_url=&#8220;https:\/\/fincacatering.com\/de\/hochzeiten\/&#8220; global_colors_info=&#8220;{}&#8220;][et_pb_text _builder_version=&#8220;4.24.2&#8243; _module_preset=&#8220;default&#8220; text_font=&#8220;Montserrat|||on|||||&#8220; text_text_color=&#8220;#000000&#8243; text_font_size=&#8220;20px&#8220; background_color=&#8220;rgba(255,255,255,0.7)&#8220; text_orientation=&#8220;center&#8220; max_width=&#8220;60%&#8220; module_alignment=&#8220;center&#8220; custom_margin=&#8220;95px||95px||false|false&#8220; custom_padding=&#8220;20px||20px||false|false&#8220; global_colors_info=&#8220;{}&#8220;]HOCHZEITEN &#038; MALLORCA [\/et_pb_text][\/et_pb_column][et_pb_column type=&#8220;1_3&#8243; _builder_version=&#8220;4.24.2&#8243; _module_preset=&#8220;default&#8220; background_image=&#8220;https:\/\/fincacatering.com\/wp-content\/uploads\/2024\/03\/FincaCatering.png&#8220; link_option_url=&#8220;https:\/\/fincacatering.com\/de\/finca-catering\/&#8220; global_colors_info=&#8220;{}&#8220;][et_pb_text _builder_version=&#8220;4.24.2&#8243; _module_preset=&#8220;default&#8220; text_font=&#8220;Montserrat|||on|||||&#8220; text_text_color=&#8220;#000000&#8243; text_font_size=&#8220;20px&#8220; background_color=&#8220;rgba(255,255,255,0.7)&#8220; text_orientation=&#8220;center&#8220; max_width=&#8220;60%&#8220; module_alignment=&#8220;center&#8220; custom_margin=&#8220;100px||100px||false|false&#8220; custom_padding=&#8220;20px||20px||false|false&#8220; global_colors_info=&#8220;{}&#8220;]FINCA &#038; CATERING[\/et_pb_text][\/et_pb_column][\/et_pb_row][et_pb_row column_structure=&#8220;1_3,1_3,1_3&#8243; use_custom_gutter=&#8220;on&#8220; gutter_width=&#8220;2&#8243; make_equal=&#8220;on&#8220; _builder_version=&#8220;4.24.2&#8243; _module_preset=&#8220;default&#8220; width=&#8220;100%&#8220; max_width=&#8220;1300px&#8220; module_alignment=&#8220;center&#8220; custom_margin=&#8220;-20px||||false|false&#8220; custom_padding=&#8220;||||false|false&#8220; global_colors_info=&#8220;{}&#8220;][et_pb_column type=&#8220;1_3&#8243; _builder_version=&#8220;4.24.2&#8243; _module_preset=&#8220;default&#8220; background_image=&#8220;https:\/\/fincacatering.com\/wp-content\/uploads\/2024\/03\/paella.png&#8220; link_option_url=&#8220;https:\/\/fincacatering.com\/de\/finca-and-paella\/&#8220; global_colors_info=&#8220;{}&#8220;][et_pb_text _builder_version=&#8220;4.24.2&#8243; _module_preset=&#8220;default&#8220; text_font=&#8220;Montserrat|||on|||||&#8220; text_text_color=&#8220;#000000&#8243; text_font_size=&#8220;20px&#8220; background_color=&#8220;rgba(255,255,255,0.7)&#8220; text_orientation=&#8220;center&#8220; max_width=&#8220;60%&#8220; module_alignment=&#8220;center&#8220; custom_margin=&#8220;100px||100px||false|false&#8220; custom_padding=&#8220;20px||20px||false|false&#8220; global_colors_info=&#8220;{}&#8220;] FINCA &#038; PAELLA[\/et_pb_text][\/et_pb_column][et_pb_column type=&#8220;1_3&#8243; _builder_version=&#8220;4.24.2&#8243; _module_preset=&#8220;default&#8220; background_image=&#8220;https:\/\/fincacatering.com\/wp-content\/uploads\/2024\/02\/rent-your-event.jpeg&#8220; background_position=&#8220;bottom_center&#8220; link_option_url=&#8220;https:\/\/fincacatering.com\/de\/rent-your-event\/&#8220; global_colors_info=&#8220;{}&#8220;][et_pb_text _builder_version=&#8220;4.24.2&#8243; _module_preset=&#8220;default&#8220; text_font=&#8220;Montserrat|||on|||||&#8220; text_text_color=&#8220;#000000&#8243; text_font_size=&#8220;20px&#8220; background_color=&#8220;rgba(255,255,255,0.7)&#8220; text_orientation=&#8220;center&#8220; max_width=&#8220;60%&#8220; module_alignment=&#8220;center&#8220; custom_margin=&#8220;95px||95px||false|false&#8220; custom_padding=&#8220;20px||20px||false|false&#8220; global_colors_info=&#8220;{}&#8220;]RENT YOUR EVENT[\/et_pb_text][\/et_pb_column][et_pb_column type=&#8220;1_3&#8243; _builder_version=&#8220;4.24.2&#8243; _module_preset=&#8220;default&#8220; background_image=&#8220;https:\/\/fincacatering.com\/wp-content\/uploads\/2020\/03\/catering-bodas-slider.jpg&#8220; background_position=&#8220;bottom_center&#8220; link_option_url=&#8220;https:\/\/fincacatering.com\/de\/menus\/&#8220; global_colors_info=&#8220;{}&#8220;][et_pb_text _builder_version=&#8220;4.24.2&#8243; _module_preset=&#8220;default&#8220; text_font=&#8220;Montserrat|||on|||||&#8220; text_text_color=&#8220;#000000&#8243; text_font_size=&#8220;20px&#8220; background_color=&#8220;rgba(255,255,255,0.7)&#8220; text_orientation=&#8220;center&#8220; max_width=&#8220;60%&#8220; module_alignment=&#8220;center&#8220; custom_margin=&#8220;100px||100px||false|false&#8220; custom_padding=&#8220;20px||20px||false|false&#8220; global_colors_info=&#8220;{}&#8220;]Men\u00fcvorschl\u00e4ge[\/et_pb_text][\/et_pb_column][\/et_pb_row][\/et_pb_section][et_pb_section fb_built=&#8220;1&#8243; _builder_version=&#8220;4.16&#8243; collapsed=&#8220;off&#8220; global_colors_info=&#8220;{}&#8220;][et_pb_row column_structure=&#8220;1_4,1_2,1_4&#8243; _builder_version=&#8220;4.16&#8243; background_size=&#8220;%22%22%22initial%22%22%22&#8243; background_position=&#8220;%22%22%22top_left%22%22%22&#8243; global_colors_info=&#8220;{}&#8220;][et_pb_column type=&#8220;1_4&#8243; _builder_version=&#8220;4.16&#8243; custom_padding=&#8220;|||&#8220; global_colors_info=&#8220;{}&#8220; custom_padding__hover=&#8220;|||&#8220;][\/et_pb_column][et_pb_column type=&#8220;1_2&#8243; _builder_version=&#8220;4.16&#8243; custom_padding=&#8220;|||&#8220; global_colors_info=&#8220;{}&#8220; custom_padding__hover=&#8220;|||&#8220;][et_pb_cta title=&#8220;FEED YOUR PEOPLE.&#8220; button_url=&#8220;https:\/\/fincacatering.com\/de\/kontakt\/&#8220; button_text=&#8220;KONTAKT&#8220; _builder_version=&#8220;4.24.2&#8243; header_font_size=&#8220;20px&#8220; body_font=&#8220;EB Garamond|||on|||||&#8220; body_font_size=&#8220;35px&#8220; body_line_height=&#8220;1.5em&#8220; use_background_color=&#8220;off&#8220; background_size=&#8220;initial&#8220; background_position=&#8220;top_left&#8220; background_repeat=&#8220;repeat&#8220; background_layout=&#8220;light&#8220; custom_padding=&#8220;50px||50px|&#8220; border_width_all=&#8220;3px&#8220; border_color_all=&#8220;#3d3d3f&#8220; border_style_all=&#8220;solid&#8220; use_border_color=&#8220;on&#8220; border_color=&#8220;#3d3d3f&#8220; border_width=&#8220;3px&#8220; border_style=&#8220;solid&#8220; button_letter_spacing_hover=&#8220;0&#8243; global_colors_info=&#8220;{}&#8220; button_text_size__hover_enabled=&#8220;off&#8220; button_one_text_size__hover_enabled=&#8220;off&#8220; button_two_text_size__hover_enabled=&#8220;off&#8220; button_text_color__hover_enabled=&#8220;off&#8220; button_one_text_color__hover_enabled=&#8220;off&#8220; button_two_text_color__hover_enabled=&#8220;off&#8220; button_border_width__hover_enabled=&#8220;off&#8220; button_one_border_width__hover_enabled=&#8220;off&#8220; button_two_border_width__hover_enabled=&#8220;off&#8220; button_border_color__hover_enabled=&#8220;off&#8220; button_one_border_color__hover_enabled=&#8220;off&#8220; button_two_border_color__hover_enabled=&#8220;off&#8220; button_border_radius__hover_enabled=&#8220;off&#8220; button_one_border_radius__hover_enabled=&#8220;off&#8220; button_two_border_radius__hover_enabled=&#8220;off&#8220; button_letter_spacing__hover_enabled=&#8220;on&#8220; button_letter_spacing__hover=&#8220;0&#8243; button_one_letter_spacing__hover_enabled=&#8220;off&#8220; button_two_letter_spacing__hover_enabled=&#8220;off&#8220; button_bg_color__hover_enabled=&#8220;off&#8220; button_one_bg_color__hover_enabled=&#8220;off&#8220; button_two_bg_color__hover_enabled=&#8220;off&#8220;]\u00dcberzeugt Sie das?<br \/>\nLust auf mehr?<br \/>\nAnfragen und<br \/>\nentspannt genie\u00dfen![\/et_pb_cta][\/et_pb_column][et_pb_column type=&#8220;1_4&#8243; _builder_version=&#8220;4.16&#8243; custom_padding=&#8220;|||&#8220; global_colors_info=&#8220;{}&#8220; custom_padding__hover=&#8220;|||&#8220;][\/et_pb_column][\/et_pb_row][\/et_pb_section][et_pb_section fb_built=&#8220;1&#8243; _builder_version=&#8220;4.16&#8243; collapsed=&#8220;off&#8220; global_colors_info=&#8220;{}&#8220;][et_pb_row _builder_version=&#8220;4.16&#8243; background_size=&#8220;initial&#8220; background_position=&#8220;top_left&#8220; background_repeat=&#8220;repeat&#8220; global_colors_info=&#8220;{}&#8220;][et_pb_column type=&#8220;4_4&#8243; _builder_version=&#8220;4.16&#8243; custom_padding=&#8220;|||&#8220; global_colors_info=&#8220;{}&#8220; custom_padding__hover=&#8220;|||&#8220;][et_pb_text admin_label=&#8220;Video&#8220; _builder_version=&#8220;4.24.2&#8243; background_size=&#8220;initial&#8220; background_position=&#8220;top_left&#8220; background_repeat=&#8220;repeat&#8220; border_style=&#8220;solid&#8220; global_colors_info=&#8220;{}&#8220;]<!--<iframe loading=\"lazy\" src=\"https:\/\/player.vimeo.com\/video\/121241151\" width=\"100%\" height=\"459\" frameborder=\"0\" allowfullscreen=\"allowfullscreen\"><\/iframe>\n[wp-video-popup vimeo=\"1\" video=\"https:\/\/www.youtube.com\/watch?v=ybHnu_baR-g&feature=youtu.be\"]--><br \/>\n<iframe loading=\"lazy\" width=\"560\" height=\"315\" src=\"https:\/\/www.youtube.com\/embed\/ybHnu_baR-g?si=2MHx1Wm8gi85AqvD\" title=\"YouTube video player\" frameborder=\"0\" allow=\"accelerometer; autoplay; clipboard-write; encrypted-media; gyroscope; picture-in-picture; web-share\" allowfullscreen><\/iframe>[\/et_pb_text][et_pb_blurb title=&#8220;Unvergessliche Hochzeiten Auf Mallorca&#8220; _builder_version=&#8220;4.24.2&#8243; header_level=&#8220;h5&#8243; header_font=&#8220;||||||||&#8220; text_orientation=&#8220;center&#8220; global_colors_info=&#8220;{}&#8220;][\/et_pb_blurb][\/et_pb_column][\/et_pb_row][\/et_pb_section][et_pb_section fb_built=&#8220;1&#8243; _builder_version=&#8220;4.24.2&#8243; _module_preset=&#8220;default&#8220; background_color=&#8220;#efefef&#8220; locked=&#8220;off&#8220; global_colors_info=&#8220;{}&#8220;][et_pb_row column_structure=&#8220;1_2,1_2&#8243; _builder_version=&#8220;4.24.2&#8243; _module_preset=&#8220;default&#8220; width=&#8220;100%&#8220; max_width=&#8220;1300px&#8220; global_colors_info=&#8220;{}&#8220;][et_pb_column type=&#8220;1_2&#8243; _builder_version=&#8220;4.24.2&#8243; _module_preset=&#8220;default&#8220; global_colors_info=&#8220;{}&#8220;][et_pb_image src=&#8220;https:\/\/fincacatering.com\/wp-content\/uploads\/2024\/03\/HOME-SON-POU.jpeg&#8220; alt=&#8220;Finca son Pou&#8220; title_text=&#8220;HOME SON POU&#8220; url=&#8220;https:\/\/fincacatering.com\/de\/finca-sonpou\/&#8220; _builder_version=&#8220;4.24.2&#8243; _module_preset=&#8220;default&#8220; global_colors_info=&#8220;{}&#8220;][\/et_pb_image][\/et_pb_column][et_pb_column type=&#8220;1_2&#8243; _builder_version=&#8220;4.24.2&#8243; _module_preset=&#8220;default&#8220; global_colors_info=&#8220;{}&#8220;][et_pb_divider show_divider=&#8220;off&#8220; _builder_version=&#8220;4.24.2&#8243; _module_preset=&#8220;default&#8220; height=&#8220;25px&#8220; global_colors_info=&#8220;{}&#8220;][\/et_pb_divider][et_pb_text _builder_version=&#8220;4.24.2&#8243; text_font=&#8220;EB Garamond||||||||&#8220; text_text_color=&#8220;#000000&#8243; text_font_size=&#8220;30px&#8220; header_font_size=&#8220;85px&#8220; background_size=&#8220;initial&#8220; background_position=&#8220;top_left&#8220; background_repeat=&#8220;repeat&#8220; module_alignment=&#8220;center&#8220; use_border_color=&#8220;off&#8220; border_color=&#8220;#ffffff&#8220; border_style=&#8220;solid&#8220; global_colors_info=&#8220;{}&#8220;]SON POU EVENT FINCA[\/et_pb_text][et_pb_text _builder_version=&#8220;4.24.2&#8243; text_font=&#8220;Montserrat||||||||&#8220; text_text_color=&#8220;#000000&#8243; header_font_size=&#8220;85px&#8220; background_size=&#8220;initial&#8220; background_position=&#8220;top_left&#8220; background_repeat=&#8220;repeat&#8220; module_alignment=&#8220;center&#8220; custom_margin=&#8220;10px||||false|false&#8220; use_border_color=&#8220;off&#8220; border_color=&#8220;#ffffff&#8220; border_style=&#8220;solid&#8220; global_colors_info=&#8220;{}&#8220;]<b>FINCA &#038; PLANS= HAPPY EVENTS<\/b><\/p>\n<p>Unser Anwesen in malerischer Lage bietet die perfekte Kombination aus nat\u00fcrlicher Sch\u00f6nheit und Eleganz in einem rustikalen Ambiente. Mit weitl\u00e4ufigen G\u00e4rten, Au\u00dfenbereichen und anpassungsf\u00e4higer Infrastruktur ist unser Anwesen der ideale Ort f\u00fcr Veranstaltungen jeder Gr\u00f6\u00dfenordnung.<br \/>\nWir bieten Flexibilit\u00e4t, um die \u00d6rtlichkeiten individuell nach den spezifischen Anforderungen jeder Veranstaltung zu gestalten[\/et_pb_text][\/et_pb_column][\/et_pb_row][\/et_pb_section]<\/p>\n","protected":false},"excerpt":{"rendered":"<p>Events &amp; OrganisationQuality since 1999Unvergessliches Catering auf Mallorca:Leidenschaft, Stil und Genuss vereint!Bei uns dreht sich alles um leidenschaftliches Catering mit einer pers\u00f6nlichen Note und einem Hauch von Trendiness! Wir sind die idealen Partner f\u00fcr unvergessliche Events auf Mallorca, bei denen Engagement und Stil im Vordergrund stehen. Als Familienbetrieb ist es unsere Mission, jedes Detail mit [&hellip;]<\/p>\n","protected":false},"author":1,"featured_media":0,"parent":0,"menu_order":0,"comment_status":"closed","ping_status":"closed","template":"","meta":{"_et_pb_use_builder":"on","_et_pb_old_content":"","_et_gb_content_width":"","inline_featured_image":false,"footnotes":""},"class_list":["post-4039","page","type-page","status-publish","hentry"],"_links":{"self":[{"href":"https:\/\/fincacatering.com\/de\/wp-json\/wp\/v2\/pages\/4039","targetHints":{"allow":["GET"]}}],"collection":[{"href":"https:\/\/fincacatering.com\/de\/wp-json\/wp\/v2\/pages"}],"about":[{"href":"https:\/\/fincacatering.com\/de\/wp-json\/wp\/v2\/types\/page"}],"author":[{"embeddable":true,"href":"https:\/\/fincacatering.com\/de\/wp-json\/wp\/v2\/users\/1"}],"replies":[{"embeddable":true,"href":"https:\/\/fincacatering.com\/de\/wp-json\/wp\/v2\/comments?post=4039"}],"version-history":[{"count":58,"href":"https:\/\/fincacatering.com\/de\/wp-json\/wp\/v2\/pages\/4039\/revisions"}],"predecessor-version":[{"id":7685,"href":"https:\/\/fincacatering.com\/de\/wp-json\/wp\/v2\/pages\/4039\/revisions\/7685"}],"wp:attachment":[{"href":"https:\/\/fincacatering.com\/de\/wp-json\/wp\/v2\/media?parent=4039"}],"curies":[{"name":"wp","href":"https:\/\/api.w.org\/{rel}","templated":true}]}}