{"id":4185,"date":"2015-03-09T12:29:23","date_gmt":"2015-03-09T12:29:23","guid":{"rendered":"https:\/\/fincacatering.com\/nueva\/finca-son-morroig\/"},"modified":"2017-04-21T10:36:10","modified_gmt":"2017-04-21T10:36:10","slug":"finca-son-morroig","status":"publish","type":"page","link":"https:\/\/fincacatering.com\/de\/finca-son-morroig\/","title":{"rendered":"Finca Son Marroig"},"content":{"rendered":"<p>[et_pb_section bb_built=&#8220;1&#8243; admin_label=&#8220;section&#8220;][et_pb_row admin_label=&#8220;row&#8220;][et_pb_column type=&#8220;2_3&#8243;][et_pb_text admin_label=&#8220;Texto&#8220; background_layout=&#8220;light&#8220; text_orientation=&#8220;left&#8220; use_border_color=&#8220;off&#8220; border_color=&#8220;#ffffff&#8220; border_style=&#8220;solid&#8220;]<\/p>\n<h2>Finca\u00a0Son Marroig<\/h2>\n<p>Finca Catering bietet Ihnen eine der au\u00dfergew\u00f6hnlichsten und magischsten Orte der Balearen Inseln.<br \/>\nWenn Sie nach einem idyllischen und unglaublich magischen Ort suchen, um Ihre Hochzeit oder ein einzigartiges Ereignis zu feiern wird Sie Son Marroig \u00fcberraschen und beeindrucken mit seiner sch\u00f6nen Landschaft.<br \/>\nDiese Finca liegt in Dei\u00e0, Mallorca, in einer au\u00dfergew\u00f6hnlichen Umgebung mit einem der spektakul\u00e4rsten Ausblicke auf das Mittelmeer.<br \/>\nDiese Finca ist von kulturellem Interesse wegen seiner spektakul\u00e4ren Architektur.<br \/>\nWir bieten Ihnen die M\u00f6glichkeit der Abhaltung Ihre Veranstaltung in einem der luxuri\u00f6sesten und elegantesten Orte auf der Insel.[\/et_pb_text][et_pb_gallery admin_label=&#8220;Galer\u00eda&#8220; gallery_ids=&#8220;1374,1375,1376,1377,1378,1379&#8243; fullwidth=&#8220;on&#8220; orientation=&#8220;landscape&#8220; show_title_and_caption=&#8220;on&#8220; show_pagination=&#8220;on&#8220; background_layout=&#8220;light&#8220; auto=&#8220;on&#8220; auto_speed=&#8220;2000&#8243; hover_overlay_color=&#8220;rgba(255,255,255,0.9)&#8220; use_border_color=&#8220;off&#8220; border_color=&#8220;#ffffff&#8220; border_style=&#8220;solid&#8220; \/][\/et_pb_column][et_pb_column type=&#8220;1_3&#8243;][et_pb_text admin_label=&#8220;Texto&#8220; background_layout=&#8220;light&#8220; text_orientation=&#8220;left&#8220; use_border_color=&#8220;off&#8220; border_color=&#8220;#ffffff&#8220; border_style=&#8220;solid&#8220;]\n<div class=\"wpcf7 no-js\" id=\"wpcf7-f1466-o1\" lang=\"de-DE\" dir=\"ltr\" data-wpcf7-id=\"1466\">\n<div class=\"screen-reader-response\"><p role=\"status\" aria-live=\"polite\" aria-atomic=\"true\"><\/p> <ul><\/ul><\/div>\n<form action=\"\/de\/wp-json\/wp\/v2\/pages\/4185#wpcf7-f1466-o1\" method=\"post\" class=\"wpcf7-form init\" aria-label=\"Kontaktformular\" novalidate=\"novalidate\" data-status=\"init\">\n<fieldset class=\"hidden-fields-container\"><input type=\"hidden\" name=\"_wpcf7\" value=\"1466\" \/><input type=\"hidden\" name=\"_wpcf7_version\" value=\"6.1.5\" \/><input type=\"hidden\" name=\"_wpcf7_locale\" value=\"de_DE\" \/><input type=\"hidden\" name=\"_wpcf7_unit_tag\" value=\"wpcf7-f1466-o1\" \/><input type=\"hidden\" name=\"_wpcf7_container_post\" value=\"0\" \/><input type=\"hidden\" name=\"_wpcf7_posted_data_hash\" value=\"\" \/><input type=\"hidden\" name=\"_wpcf7dtx_version\" value=\"5.0.4\" \/>\n<\/fieldset>\n<span class=\"wpcf7-form-control-wrap finca\" data-name=\"finca\"><input type=\"hidden\" name=\"finca\" class=\"wpcf7-form-control wpcf7-hidden wpcf7dtx wpcf7dtx-hidden\" aria-invalid=\"false\" value=\"Finca Son Marroig\"><\/span>\n<div class=\"form-finca\">\n\t<h4>F\u00fcr mehr Information zu der Finca:\n\t<\/h4>\n\t<p>Informieren Sie sich \u00fcber unsere Sonderpreise.\n\t<\/p>\n\t<p>Name *\n\t<\/p>\n\t<p><span class=\"wpcf7-form-control-wrap\" data-name=\"your-name\"><input size=\"40\" maxlength=\"400\" class=\"wpcf7-form-control wpcf7-text wpcf7-validates-as-required\" aria-required=\"true\" aria-invalid=\"false\" value=\"\" type=\"text\" name=\"your-name\" \/><\/span>\n\t<\/p>\n\t<p>Email *\n\t<\/p>\n\t<p><span class=\"wpcf7-form-control-wrap\" data-name=\"your-email\"><input size=\"40\" maxlength=\"400\" class=\"wpcf7-form-control wpcf7-email wpcf7-validates-as-required wpcf7-text wpcf7-validates-as-email\" aria-required=\"true\" aria-invalid=\"false\" value=\"\" type=\"email\" name=\"your-email\" \/><\/span>\n\t<\/p>\n\t<p>Telefon\n\t<\/p>\n\t<p><span class=\"wpcf7-form-control-wrap\" data-name=\"your-phone\"><input size=\"40\" maxlength=\"400\" class=\"wpcf7-form-control wpcf7-text\" aria-invalid=\"false\" value=\"\" type=\"text\" name=\"your-phone\" \/><\/span>\n\t<\/p>\n\t<p>Nachricht\n\t<\/p>\n\t<p><span class=\"wpcf7-form-control-wrap\" data-name=\"your-message\"><textarea cols=\"40\" rows=\"10\" maxlength=\"2000\" class=\"wpcf7-form-control wpcf7-textarea\" aria-invalid=\"false\" name=\"your-message\"><\/textarea><\/span>\n\t<\/p>\n\t<p><span class=\"wpcf7-form-control-wrap\" data-name=\"politica\"><span class=\"wpcf7-form-control wpcf7-acceptance\"><span class=\"wpcf7-list-item\"><input type=\"checkbox\" name=\"politica\" value=\"1\" aria-invalid=\"false\" \/><\/span><\/span><\/span> Ich habe die Datenschutzerkl\u00e4rung gelesen und stimme dieser zu\n\t<\/p>\n\t<p><input class=\"wpcf7-form-control wpcf7-submit has-spinner\" type=\"submit\" value=\"Senden\" \/>\n\t<\/p>\n<\/div><p style=\"display: none !important;\" class=\"akismet-fields-container\" data-prefix=\"_wpcf7_ak_\"><label>&#916;<textarea name=\"_wpcf7_ak_hp_textarea\" cols=\"45\" rows=\"8\" maxlength=\"100\"><\/textarea><\/label><input type=\"hidden\" id=\"ak_js_1\" name=\"_wpcf7_ak_js\" value=\"137\"\/><script>document.getElementById( \"ak_js_1\" ).setAttribute( \"value\", ( new Date() ).getTime() );<\/script><\/p><div class=\"wpcf7-response-output\" aria-hidden=\"true\"><\/div>\n<\/form>\n<\/div>\n[\/et_pb_text][\/et_pb_column][\/et_pb_row][\/et_pb_section]<\/p>\n","protected":false},"excerpt":{"rendered":"<p>Finca\u00a0Son Marroig Finca Catering bietet Ihnen eine der au\u00dfergew\u00f6hnlichsten und magischsten Orte der Balearen Inseln. Wenn Sie nach einem idyllischen und unglaublich magischen Ort suchen, um Ihre Hochzeit oder ein einzigartiges Ereignis zu feiern wird Sie Son Marroig \u00fcberraschen und beeindrucken mit seiner sch\u00f6nen Landschaft. Diese Finca liegt in Dei\u00e0, Mallorca, in einer au\u00dfergew\u00f6hnlichen Umgebung [&hellip;]<\/p>\n","protected":false},"author":1,"featured_media":0,"parent":0,"menu_order":0,"comment_status":"closed","ping_status":"closed","template":"","meta":{"_et_pb_use_builder":"on","_et_pb_old_content":"","_et_gb_content_width":"","inline_featured_image":false,"footnotes":""},"class_list":["post-4185","page","type-page","status-publish","hentry"],"_links":{"self":[{"href":"https:\/\/fincacatering.com\/de\/wp-json\/wp\/v2\/pages\/4185","targetHints":{"allow":["GET"]}}],"collection":[{"href":"https:\/\/fincacatering.com\/de\/wp-json\/wp\/v2\/pages"}],"about":[{"href":"https:\/\/fincacatering.com\/de\/wp-json\/wp\/v2\/types\/page"}],"author":[{"embeddable":true,"href":"https:\/\/fincacatering.com\/de\/wp-json\/wp\/v2\/users\/1"}],"replies":[{"embeddable":true,"href":"https:\/\/fincacatering.com\/de\/wp-json\/wp\/v2\/comments?post=4185"}],"version-history":[{"count":0,"href":"https:\/\/fincacatering.com\/de\/wp-json\/wp\/v2\/pages\/4185\/revisions"}],"wp:attachment":[{"href":"https:\/\/fincacatering.com\/de\/wp-json\/wp\/v2\/media?parent=4185"}],"curies":[{"name":"wp","href":"https:\/\/api.w.org\/{rel}","templated":true}]}}