{"id":4478,"date":"2012-05-16T09:22:41","date_gmt":"2012-05-16T09:22:41","guid":{"rendered":"https:\/\/fincacatering.com\/nueva\/fincas-organizacion-eventos\/"},"modified":"2020-03-11T10:17:27","modified_gmt":"2020-03-11T10:17:27","slug":"fincas-organisation-veranstaltungen","status":"publish","type":"page","link":"https:\/\/fincacatering.com\/de\/fincas-organisation-veranstaltungen\/","title":{"rendered":"Fincas"},"content":{"rendered":"<p>[et_pb_section fb_built=&#8220;1&#8243; admin_label=&#8220;section&#8220; module_class=&#8220;fincas&#8220; _builder_version=&#8220;3.22&#8243;][et_pb_row _builder_version=&#8220;4.4.0&#8243; background_color=&#8220;#a0d5dd&#8220; background_size=&#8220;initial&#8220; background_position=&#8220;top_left&#8220; background_repeat=&#8220;repeat&#8220; hover_enabled=&#8220;0&#8243;][et_pb_column type=&#8220;4_4&#8243; _builder_version=&#8220;3.25&#8243; background_position=&#8220;top_left&#8220; custom_padding=&#8220;|||&#8220; custom_padding__hover=&#8220;|||&#8220;][et_pb_text module_class=&#8220;titulopagina&#8220; _builder_version=&#8220;3.27.4&#8243; background_size=&#8220;initial&#8220; background_position=&#8220;top_left&#8220; background_repeat=&#8220;repeat&#8220; border_style=&#8220;solid&#8220;]<\/p>\n<h1>Fincas auf Mallorca<\/h1>\n<p>Entdecken Sie unsere Fincas f\u00fcr Ihre Veranstaltungen auf Mallorca<\/p>\n<pre id=\"tw-target-text\" class=\"tw-data-text tw-ta tw-text-small\" dir=\"ltr\" data-placeholder=\"Traducci\u00f3n\" data-fulltext=\"\"><\/pre>\n<p>[\/et_pb_text][\/et_pb_column][\/et_pb_row][et_pb_row column_structure=&#8220;1_2,1_2&#8243; admin_label=&#8220;row&#8220; _builder_version=&#8220;3.25&#8243; background_size=&#8220;initial&#8220; background_position=&#8220;top_left&#8220; background_repeat=&#8220;repeat&#8220;][et_pb_column type=&#8220;1_2&#8243; _builder_version=&#8220;3.25&#8243; custom_padding=&#8220;|||&#8220; custom_padding__hover=&#8220;|||&#8220;][et_pb_image src=&#8220;https:\/\/fincacatering.com\/wp-content\/uploads\/2019\/07\/popup-finca-son-pou.jpg&#8220; url=&#8220;https:\/\/fincacatering.com\/de\/finca-sonpou\/&#8220; _builder_version=&#8220;4.0.4&#8243;][\/et_pb_image][\/et_pb_column][et_pb_column type=&#8220;1_2&#8243; _builder_version=&#8220;3.25&#8243; custom_padding=&#8220;|||&#8220; custom_padding__hover=&#8220;|||&#8220;][et_pb_text _builder_version=&#8220;4.0.4&#8243;]<\/p>\n<h3>Finca Son Pou<\/h3>\n<p>Kapazit\u00e4t: auf Anfrage<\/p>\n<p>[\/et_pb_text][et_pb_button button_url=&#8220;https:\/\/fincacatering.com\/de\/finca-sonpou\/&#8220; button_text=&#8220;Sonderpreise&#8220; _builder_version=&#8220;4.0.4&#8243;][\/et_pb_button][\/et_pb_column][\/et_pb_row][et_pb_row column_structure=&#8220;1_4,1_4,1_4,1_4&#8243; admin_label=&#8220;row&#8220; _builder_version=&#8220;3.25&#8243; background_size=&#8220;initial&#8220; background_position=&#8220;top_left&#8220; background_repeat=&#8220;repeat&#8220;][et_pb_column type=&#8220;1_4&#8243; _builder_version=&#8220;3.25&#8243; custom_padding=&#8220;|||&#8220; custom_padding__hover=&#8220;|||&#8220;][et_pb_blurb title=&#8220;Finca Bodega&#8220; url=&#8220;https:\/\/fincacatering.com\/de\/finca-bodega\/&#8220; image=&#8220;https:\/\/fincacatering.com\/wp-content\/uploads\/2016\/01\/evento-fotos-2-7.jpg&#8220; image_max_width=&#8220;none&#8220; admin_label=&#8220;Finca&#8220; _builder_version=&#8220;3.0.87&#8243; background_size=&#8220;initial&#8220; background_position=&#8220;top_left&#8220; background_repeat=&#8220;repeat&#8220; border_style=&#8220;solid&#8220;]Kapazit\u00e4t: auf Anfrage<br \/>\n[\/et_pb_blurb][\/et_pb_column][et_pb_column type=&#8220;1_4&#8243; _builder_version=&#8220;3.25&#8243; custom_padding=&#8220;|||&#8220; custom_padding__hover=&#8220;|||&#8220;][et_pb_blurb title=&#8220;Finca Monika&#8220; url=&#8220;https:\/\/fincacatering.com\/de\/finca-monika\/&#8220; image=&#8220;https:\/\/fincacatering.com\/wp-content\/uploads\/2016\/01\/DSC_1512-1.jpg&#8220; image_max_width=&#8220;none&#8220; admin_label=&#8220;Finca&#8220; _builder_version=&#8220;3.0.87&#8243; background_size=&#8220;initial&#8220; background_position=&#8220;top_left&#8220; background_repeat=&#8220;repeat&#8220; border_style=&#8220;solid&#8220;]Kapazit\u00e4t: auf Anfrage<br \/>\n[\/et_pb_blurb][\/et_pb_column][et_pb_column type=&#8220;1_4&#8243; _builder_version=&#8220;3.25&#8243; custom_padding=&#8220;|||&#8220; custom_padding__hover=&#8220;|||&#8220;][et_pb_blurb title=&#8220;Finca Rose&#8220; url=&#8220;https:\/\/fincacatering.com\/de\/finca-rose\/&#8220; image=&#8220;https:\/\/fincacatering.com\/wp-content\/uploads\/2015\/05\/IMG-web1.jpg&#8220; image_max_width=&#8220;none&#8220; admin_label=&#8220;Rose&#8220; _builder_version=&#8220;3.0.87&#8243; background_size=&#8220;initial&#8220; background_position=&#8220;top_left&#8220; background_repeat=&#8220;repeat&#8220; border_style=&#8220;solid&#8220;]Kapazit\u00e4t: 20<br \/>\n[\/et_pb_blurb][\/et_pb_column][et_pb_column type=&#8220;1_4&#8243; _builder_version=&#8220;3.25&#8243; custom_padding=&#8220;|||&#8220; custom_padding__hover=&#8220;|||&#8220;][et_pb_blurb title=&#8220;Finca Pollensa&#8220; url=&#8220;https:\/\/fincacatering.com\/de\/finca-pollensa\/&#8220; image=&#8220;https:\/\/fincacatering.com\/wp-content\/uploads\/2015\/04\/Finca-Pollensa-Aussen-Stein.jpg&#8220; image_max_width=&#8220;none&#8220; admin_label=&#8220;Finca&#8220; _builder_version=&#8220;3.0.87&#8243; background_size=&#8220;initial&#8220; background_position=&#8220;top_left&#8220; background_repeat=&#8220;repeat&#8220; border_style=&#8220;solid&#8220;]Kapazit\u00e4t: auf Anfrage<br \/>\nRegion: Pollensa<br \/>\n[\/et_pb_blurb][\/et_pb_column][\/et_pb_row][et_pb_row column_structure=&#8220;1_4,1_4,1_4,1_4&#8243; admin_label=&#8220;row&#8220; _builder_version=&#8220;3.25&#8243; background_size=&#8220;initial&#8220; background_position=&#8220;top_left&#8220; background_repeat=&#8220;repeat&#8220;][et_pb_column type=&#8220;1_4&#8243; _builder_version=&#8220;3.25&#8243; custom_padding=&#8220;|||&#8220; custom_padding__hover=&#8220;|||&#8220;][et_pb_blurb title=&#8220;Finca Alcudia&#8220; url=&#8220;https:\/\/fincacatering.com\/de\/finca-alcudia\/&#8220; image=&#8220;https:\/\/fincacatering.com\/wp-content\/uploads\/2015\/04\/Finca-Alcudia-Front-Bild.jpg&#8220; image_max_width=&#8220;none&#8220; admin_label=&#8220;Finca&#8220; _builder_version=&#8220;3.0.87&#8243; background_size=&#8220;initial&#8220; background_position=&#8220;top_left&#8220; background_repeat=&#8220;repeat&#8220; border_style=&#8220;solid&#8220;]Kapazit\u00e4t: auf Anfrage<br \/>\nRegion: Alcudia<br \/>\n[\/et_pb_blurb][\/et_pb_column][et_pb_column type=&#8220;1_4&#8243; _builder_version=&#8220;3.25&#8243; custom_padding=&#8220;|||&#8220; custom_padding__hover=&#8220;|||&#8220;][et_pb_blurb title=&#8220;Finca Orient&#8220; url=&#8220;https:\/\/fincacatering.com\/de\/finca-orient\/&#8220; image=&#8220;https:\/\/fincacatering.com\/wp-content\/uploads\/2015\/03\/finca-orient-safareig-iluminacio.jpg&#8220; image_max_width=&#8220;none&#8220; admin_label=&#8220;Finca&#8220; _builder_version=&#8220;3.0.87&#8243; background_size=&#8220;initial&#8220; background_position=&#8220;top_left&#8220; background_repeat=&#8220;repeat&#8220; border_style=&#8220;solid&#8220;]Kapazit\u00e4t: Bis zu 400 Personen<br \/>\nRegion: Sierra de tramuntana, Or\u00edent<br \/>\n[\/et_pb_blurb][\/et_pb_column][et_pb_column type=&#8220;1_4&#8243; _builder_version=&#8220;3.25&#8243; custom_padding=&#8220;|||&#8220; custom_padding__hover=&#8220;|||&#8220;][et_pb_blurb title=&#8220;Finca Hotel Victoria&#8220; url=&#8220;https:\/\/fincacatering.com\/de\/finca-hotel-victoria\/&#8220; image=&#8220;https:\/\/fincacatering.com\/wp-content\/uploads\/2015\/03\/0-finca-victoria.jpeg&#8220; image_max_width=&#8220;none&#8220; admin_label=&#8220;Finca&#8220; _builder_version=&#8220;3.0.87&#8243; background_size=&#8220;initial&#8220; background_position=&#8220;top_left&#8220; background_repeat=&#8220;repeat&#8220; border_style=&#8220;solid&#8220;]Kapazit\u00e4t: auf Anfrage<br \/>\nRegion: Cala Bona<br \/>\n[\/et_pb_blurb][\/et_pb_column][et_pb_column type=&#8220;1_4&#8243; _builder_version=&#8220;3.25&#8243; custom_padding=&#8220;|||&#8220; custom_padding__hover=&#8220;|||&#8220;][et_pb_blurb title=&#8220;Finca Son Marroig&#8220; url=&#8220;https:\/\/fincacatering.com\/de\/finca-son-marroig\/&#8220; image=&#8220;https:\/\/fincacatering.com\/wp-content\/uploads\/2015\/03\/3-finca-son-marroig.jpg&#8220; image_max_width=&#8220;none&#8220; admin_label=&#8220;Finca&#8220; _builder_version=&#8220;3.0.87&#8243; background_size=&#8220;initial&#8220; background_position=&#8220;top_left&#8220; background_repeat=&#8220;repeat&#8220; border_style=&#8220;solid&#8220;]Kapazit\u00e4t: bis zu 200 Personen<br \/>\nRegion: De\u00ed\u00e1<br \/>\n[\/et_pb_blurb][\/et_pb_column][\/et_pb_row][et_pb_row column_structure=&#8220;1_4,1_4,1_4,1_4&#8243; admin_label=&#8220;row&#8220; _builder_version=&#8220;3.25&#8243; background_size=&#8220;initial&#8220; background_position=&#8220;top_left&#8220; background_repeat=&#8220;repeat&#8220;][et_pb_column type=&#8220;1_4&#8243; _builder_version=&#8220;3.25&#8243; custom_padding=&#8220;|||&#8220; custom_padding__hover=&#8220;|||&#8220;][et_pb_blurb title=&#8220;Finca Marina Son Gual&#8220; url=&#8220;https:\/\/fincacatering.com\/de\/finca-marina-son-gual\/&#8220; image=&#8220;https:\/\/fincacatering.com\/wp-content\/uploads\/2015\/02\/entrada-finca.jpeg&#8220; image_max_width=&#8220;none&#8220; admin_label=&#8220;Finca&#8220; _builder_version=&#8220;3.0.87&#8243; background_size=&#8220;initial&#8220; background_position=&#8220;top_left&#8220; background_repeat=&#8220;repeat&#8220; border_style=&#8220;solid&#8220;]Kapazit\u00e4t: auf Anfrage<br \/>\nRegion: Palma<br \/>\n[\/et_pb_blurb][\/et_pb_column][et_pb_column type=&#8220;1_4&#8243; _builder_version=&#8220;3.25&#8243; custom_padding=&#8220;|||&#8220; custom_padding__hover=&#8220;|||&#8220;][et_pb_blurb title=&#8220;Finca Andratx&#8220; url=&#8220;https:\/\/fincacatering.com\/de\/finca-andratx\/&#8220; image=&#8220;https:\/\/fincacatering.com\/wp-content\/uploads\/2014\/10\/finca-bernat.jpg&#8220; image_max_width=&#8220;none&#8220; admin_label=&#8220;Finca&#8220; _builder_version=&#8220;3.0.87&#8243; background_size=&#8220;initial&#8220; background_position=&#8220;top_left&#8220; background_repeat=&#8220;repeat&#8220; border_style=&#8220;solid&#8220;]Kapazit\u00e4t: auf Anfrage<br \/>\nRegion: Andratx<br \/>\n[\/et_pb_blurb][\/et_pb_column][et_pb_column type=&#8220;1_4&#8243; _builder_version=&#8220;3.25&#8243; custom_padding=&#8220;|||&#8220; custom_padding__hover=&#8220;|||&#8220;][et_pb_blurb title=&#8220;Finca Blava&#8220; url=&#8220;https:\/\/fincacatering.com\/de\/finca-blava\/&#8220; image=&#8220;https:\/\/fincacatering.com\/wp-content\/uploads\/2014\/01\/DSC_0197.jpg&#8220; image_max_width=&#8220;none&#8220; admin_label=&#8220;Finca&#8220; _builder_version=&#8220;3.0.87&#8243; background_size=&#8220;initial&#8220; background_position=&#8220;top_left&#8220; background_repeat=&#8220;repeat&#8220; border_style=&#8220;solid&#8220;]Kapazit\u00e4t: auf Anfrage<br \/>\nRegion: Andratx<br \/>\n[\/et_pb_blurb][\/et_pb_column][et_pb_column type=&#8220;1_4&#8243; _builder_version=&#8220;3.25&#8243; custom_padding=&#8220;|||&#8220; custom_padding__hover=&#8220;|||&#8220;][et_pb_blurb title=&#8220;Finca B\u00e1rbara&#8220; url=&#8220;https:\/\/fincacatering.com\/de\/finca-barbara\/&#8220; image=&#8220;https:\/\/fincacatering.com\/wp-content\/uploads\/2013\/06\/finca-barbara-1.jpg&#8220; image_max_width=&#8220;none&#8220; admin_label=&#8220;Finca&#8220; _builder_version=&#8220;3.0.87&#8243; background_size=&#8220;initial&#8220; background_position=&#8220;top_left&#8220; background_repeat=&#8220;repeat&#8220; border_style=&#8220;solid&#8220;]Kapazit\u00e4t: auf Anfrage<br \/>\nRegion: Sant Lloren\u00e7 des Cardassar<br \/>\n[\/et_pb_blurb][\/et_pb_column][\/et_pb_row][et_pb_row column_structure=&#8220;1_4,1_4,1_4,1_4&#8243; _builder_version=&#8220;3.25&#8243; background_size=&#8220;initial&#8220; background_position=&#8220;top_left&#8220; background_repeat=&#8220;repeat&#8220;][et_pb_column type=&#8220;1_4&#8243; _builder_version=&#8220;3.25&#8243; custom_padding=&#8220;|||&#8220; custom_padding__hover=&#8220;|||&#8220;][et_pb_blurb title=&#8220;Finca Christina&#8220; url=&#8220;https:\/\/fincacatering.com\/de\/finca-christina\/&#8220; image=&#8220;https:\/\/fincacatering.com\/wp-content\/uploads\/2013\/04\/GS46299-Version2.jpg&#8220; image_max_width=&#8220;none&#8220; admin_label=&#8220;Finca&#8220; _builder_version=&#8220;3.0.87&#8243; background_size=&#8220;initial&#8220; background_position=&#8220;top_left&#8220; background_repeat=&#8220;repeat&#8220; border_style=&#8220;solid&#8220;]Kapazit\u00e4t: auf Anfrage<br \/>\nRegion: Llevant<br \/>\n[\/et_pb_blurb][\/et_pb_column][et_pb_column type=&#8220;1_4&#8243; _builder_version=&#8220;3.25&#8243; custom_padding=&#8220;|||&#8220; custom_padding__hover=&#8220;|||&#8220;][et_pb_blurb title=&#8220;Finca Montu\u00efri&#8220; url=&#8220;https:\/\/fincacatering.com\/de\/finca-montuiri\/&#8220; image=&#8220;https:\/\/fincacatering.com\/wp-content\/uploads\/2012\/05\/06.jpg&#8220; image_max_width=&#8220;none&#8220; _builder_version=&#8220;3.0.87&#8243; background_size=&#8220;initial&#8220; background_position=&#8220;top_left&#8220; background_repeat=&#8220;repeat&#8220; border_style=&#8220;solid&#8220;]Kapazit\u00e4t: ab 50 bis 200 Personen<br \/>\nab 50 bis 200 Personen:<br \/>\n[\/et_pb_blurb][\/et_pb_column][et_pb_column type=&#8220;1_4&#8243; _builder_version=&#8220;3.25&#8243; custom_padding=&#8220;|||&#8220; custom_padding__hover=&#8220;|||&#8220;][et_pb_blurb title=&#8220;Finca Son Gener&#8220; url=&#8220;https:\/\/fincacatering.com\/de\/finca-son-gener\/&#8220; image=&#8220;https:\/\/fincacatering.com\/wp-content\/uploads\/2012\/11\/SON-GENER1.jpg&#8220; image_max_width=&#8220;none&#8220; _builder_version=&#8220;3.0.87&#8243; background_size=&#8220;initial&#8220; background_position=&#8220;top_left&#8220; background_repeat=&#8220;repeat&#8220; border_style=&#8220;solid&#8220;]Kapazit\u00e4t: auf Anfrage<br \/>\n[\/et_pb_blurb][\/et_pb_column][et_pb_column type=&#8220;1_4&#8243; _builder_version=&#8220;3.25&#8243; custom_padding=&#8220;|||&#8220; custom_padding__hover=&#8220;|||&#8220;][\/et_pb_column][\/et_pb_row][\/et_pb_section]<\/p>\n","protected":false},"excerpt":{"rendered":"<p>Fincas auf Mallorca Entdecken Sie unsere Fincas f\u00fcr Ihre Veranstaltungen auf Mallorca Finca Son Pou Kapazit\u00e4t: auf AnfrageKapazit\u00e4t: auf Anfrage Kapazit\u00e4t: auf Anfrage Kapazit\u00e4t: 20 Kapazit\u00e4t: auf Anfrage Region: Pollensa Kapazit\u00e4t: auf Anfrage Region: Alcudia Kapazit\u00e4t: Bis zu 400 Personen Region: Sierra de tramuntana, Or\u00edent Kapazit\u00e4t: auf Anfrage Region: Cala Bona Kapazit\u00e4t: bis zu 200 [&hellip;]<\/p>\n","protected":false},"author":1,"featured_media":0,"parent":0,"menu_order":0,"comment_status":"closed","ping_status":"closed","template":"","meta":{"_et_pb_use_builder":"on","_et_pb_old_content":"","_et_gb_content_width":"","inline_featured_image":false,"footnotes":""},"class_list":["post-4478","page","type-page","status-publish","hentry"],"_links":{"self":[{"href":"https:\/\/fincacatering.com\/de\/wp-json\/wp\/v2\/pages\/4478","targetHints":{"allow":["GET"]}}],"collection":[{"href":"https:\/\/fincacatering.com\/de\/wp-json\/wp\/v2\/pages"}],"about":[{"href":"https:\/\/fincacatering.com\/de\/wp-json\/wp\/v2\/types\/page"}],"author":[{"embeddable":true,"href":"https:\/\/fincacatering.com\/de\/wp-json\/wp\/v2\/users\/1"}],"replies":[{"embeddable":true,"href":"https:\/\/fincacatering.com\/de\/wp-json\/wp\/v2\/comments?post=4478"}],"version-history":[{"count":2,"href":"https:\/\/fincacatering.com\/de\/wp-json\/wp\/v2\/pages\/4478\/revisions"}],"predecessor-version":[{"id":6197,"href":"https:\/\/fincacatering.com\/de\/wp-json\/wp\/v2\/pages\/4478\/revisions\/6197"}],"wp:attachment":[{"href":"https:\/\/fincacatering.com\/de\/wp-json\/wp\/v2\/media?parent=4478"}],"curies":[{"name":"wp","href":"https:\/\/api.w.org\/{rel}","templated":true}]}}