{"id":4705,"date":"2013-10-16T09:10:57","date_gmt":"2013-10-16T09:10:57","guid":{"rendered":"https:\/\/fincacatering.com\/nueva\/politica-de-cookies\/"},"modified":"2024-03-14T16:29:30","modified_gmt":"2024-03-14T16:29:30","slug":"cookies-policy","status":"publish","type":"page","link":"https:\/\/fincacatering.com\/de\/cookies-policy\/","title":{"rendered":"Cookies Policy"},"content":{"rendered":"<p>[et_pb_section fb_built=&#8220;1&#8243; fullwidth=&#8220;on&#8220; admin_label=&#8220;section&#8220; _builder_version=&#8220;4.16&#8243; background_color=&#8220;#eeeeee&#8220; transparent_background=&#8220;off&#8220; make_fullwidth=&#8220;off&#8220; use_custom_width=&#8220;off&#8220; width_unit=&#8220;on&#8220; global_colors_info=&#8220;{}&#8220;][et_pb_fullwidth_header title=&#8220;Cookies Policy&#8220; content_max_width=&#8220;none&#8220; admin_label=&#8220;Titulo&#8220; _builder_version=&#8220;4.16&#8243; background_color=&#8220;rgba(255, 255, 255, 0)&#8220; background_layout=&#8220;light&#8220; hover_enabled=&#8220;0&#8243; button_one_letter_spacing_hover=&#8220;0&#8243; button_two_letter_spacing_hover=&#8220;0&#8243; global_colors_info=&#8220;{}&#8220; button_one_text_size__hover_enabled=&#8220;off&#8220; button_two_text_size__hover_enabled=&#8220;off&#8220; button_one_text_color__hover_enabled=&#8220;off&#8220; button_two_text_color__hover_enabled=&#8220;off&#8220; button_one_border_width__hover_enabled=&#8220;off&#8220; button_two_border_width__hover_enabled=&#8220;off&#8220; button_one_border_color__hover_enabled=&#8220;off&#8220; button_two_border_color__hover_enabled=&#8220;off&#8220; button_one_border_radius__hover_enabled=&#8220;off&#8220; button_two_border_radius__hover_enabled=&#8220;off&#8220; button_one_letter_spacing__hover_enabled=&#8220;on&#8220; button_one_letter_spacing__hover=&#8220;0&#8243; button_two_letter_spacing__hover_enabled=&#8220;on&#8220; button_two_letter_spacing__hover=&#8220;0&#8243; button_one_bg_color__hover_enabled=&#8220;off&#8220; button_two_bg_color__hover_enabled=&#8220;off&#8220; sticky_enabled=&#8220;0&#8243;][\/et_pb_fullwidth_header][\/et_pb_section][et_pb_section fb_built=&#8220;1&#8243; admin_label=&#8220;section&#8220; _builder_version=&#8220;4.16&#8243; global_colors_info=&#8220;{}&#8220;][et_pb_row admin_label=&#8220;row&#8220; _builder_version=&#8220;4.16&#8243; background_size=&#8220;initial&#8220; background_position=&#8220;top_left&#8220; background_repeat=&#8220;repeat&#8220; global_colors_info=&#8220;{}&#8220;][et_pb_column type=&#8220;4_4&#8243; _builder_version=&#8220;4.16&#8243; custom_padding=&#8220;|||&#8220; global_colors_info=&#8220;{}&#8220; custom_padding__hover=&#8220;|||&#8220;][et_pb_text admin_label=&#8220;Texto&#8220; _builder_version=&#8220;4.16&#8243; background_size=&#8220;initial&#8220; background_position=&#8220;top_left&#8220; background_repeat=&#8220;repeat&#8220; use_border_color=&#8220;off&#8220; border_color=&#8220;#ffffff&#8220; border_style=&#8220;solid&#8220; global_colors_info=&#8220;{}&#8220;]A <em> Cookie ist eine kleine Textdatei, die in Ihrem Browser gespeichert, wenn Sie fast jede Webseite besuchen. Sein Nutzen ist, dass die Bahn der Lage ist, Ihren Besuch zu erinnern, wenn ich wieder diese Seite zu surfen. Die <em> Cookies speichert oft technische Informationen, pers\u00f6nliche Vorlieben, Content-Personalisierung, Nutzungsstatistiken, Links zu sozialen Netzwerken, Zugriff auf Benutzerkonten usw. Das Ziel der <em> Cookie ist, den Inhalt der Bahn zu Ihrem Profil und Bed\u00fcrfnisse anzupassen, ohne <em> Cookies Dienste f\u00fcr jede Seite angeboten w\u00fcrde erheblich gemindert werden. Um zu sehen, mehr Informationen dar\u00fcber, was sind die <em> Cookies , das Gesch\u00e4ft, wie zu entfernen, deaktivieren, usw., <a href=\"\u201ehttps:\/\/fincacatering.com\/mas-informacion-sobre-\"> bitte auf diesen Link gerichtet werden. <\/a><\/em><\/em><\/em><\/em><\/em><\/p>\n<h2>Cookies auf dieser Website verwendet<\/h2>\n<p>Nach den Richtlinien der spanischen Datenschutzbeh\u00f6rde wir ausf\u00fchrlich die Verwendung von <em> Cookies , die diese Webseite macht, um die gr\u00f6\u00dftm\u00f6gliche Genauigkeit zu informieren.<\/em><br \/>\nDiese Website benutzt die folgenden <strong> eigene Cookies :<\/strong><\/p>\n<ul>\n<li>Session-Cookies, um sicherzustellen, dass Benutzer, die Kommentare auf dem Blog schreiben sind Menschen und nicht automatisierte Anwendungen. Dies wird bek\u00e4mpfen, die <em><em>Spam<\/em>.<\/em><\/li>\n<\/ul>\n<p>Diese Website benutzt die folgenden <strong> Cookies von Drittanbietern :<\/strong><\/p>\n<ul>\n<li>Google Analytics: Speichert <em> Cookies erstellen Statistiken \u00fcber den Verkehr und das Volumen der Besuche auf dieser Website. Durch die Nutzung dieser Website erkl\u00e4ren Sie sich mit der Bearbeitung der \u00fcber Sie erhobenen Daten durch Google einverstanden sind. Daher muss die Aus\u00fcbung der Rechte in dieser Hinsicht tut so direkt mit Google in Verbindung steht.<\/em><\/li>\n<li>Social Networking: Jedes soziale Netzwerk verwendet eine eigene <em><em> Cookies f\u00fcr Sie auf Schaltfl\u00e4chen klicken Sie auf <em> Wie <\/em>oder<em> Teilen<\/em>.<\/em><\/em><\/li>\n<\/ul>\n<h2>Deaktivieren oder Entfernen von Cookies<\/h2>\n<p>Zu jeder Zeit k\u00f6nnen Sie trainieren Ihr Recht vor, Cookies zu deaktivieren oder l\u00f6schen von dieser Website. Diese Aktionen werden durchgef\u00fchrt, unterschiedlich je nach Browser Sie verwenden. <a href=\"https:\/\/fincacatering.com\/mas-informacion-sobre-las-cookies\/#navegadores\"> Hier lassen wir eine kurze Anleitung beliebtesten Browser <\/a>.<\/p>\n<h2>Zus\u00e4tzliche Hinweise<\/h2>\n<ul>\n<li>Weder diese Website noch deren gesetzlichen Vertreter sind verantwortlich f\u00fcr den Inhalt oder die Richtigkeit der Datenschutzrichtlinien von Dritten, die in dieser Richtlinie erw\u00e4hnt haben <em> Cookies .<\/em><\/li>\n<li>Web-Browser sind verantwortlich f\u00fcr die Speicherung von Werkzeugen <em> Cookies und von diesem Ort ihr Recht auf Beseitigung tragen sollte oder sie zu deaktivieren. Weder diese Website noch deren gesetzlichen Vertreter k\u00f6nnen die richtige oder falsche Handhabung der <em> Cookies durch die oben genannten Browsern gew\u00e4hrleisten.<\/em><\/em><\/li>\n<li>In einigen F\u00e4llen ist es notwendig installieren <em> Cookies damit der Browser nicht vergessen, seine Entscheidung, sie nicht zu akzeptieren.<\/em><\/li>\n<li>Im Fall von <em> Cookies Google Analytics, speichert das Unternehmen die <em> Cookies auf dem Server in den Vereinigten Staaten und stimmen nicht mit Dritten zu teilen, au\u00dfer in F\u00e4lle, in denen die f\u00fcr den Systembetrieb oder, wenn dies gesetzlich in diesem Sinne erforderlich. Laut Google speichert keine IP-Adresse. Google Inc. ist ein Unternehmen spezialisiert auf das Safe-Harbor-Abkommen beigef\u00fcgt wird sichergestellt, dass alle \u00fcbertragenen Daten werden mit einem Schutzniveau in Einklang mit europ\u00e4ischen Standards behandelt werden. Sie k\u00f6nnen detaillierte Informationen in diesem Zusammenhang <a href=\"http:\/\/safeharbor.export.gov\/companyinfo.aspx?id=16626\" target=\"_blank\" rel=\"noopener noreferrer\"> in diesem Link.<\/a> Informationen zur Verwendung von Google, dass gibt Cookies <a href=\"https:\/\/developers.google.com\/analytics\/devguides\/collection\/analyticsjs\/cookie-usage?hl=es&amp;csw=1\" target=\"_blank\" rel=\"noopener noreferrer\"> wir diesen anderen Link anh\u00e4ngen<\/a>.<\/li>\n<li>F\u00fcr Fragen oder Bedenken zu dieser Richtlinie <em> Cookies z\u00f6gern Sie nicht, uns \u00fcber den Kontaktabschnitt zu kontaktieren.<\/li>\n<\/ul>\n<p>[\/et_pb_text][\/et_pb_column][\/et_pb_row][\/et_pb_section]<\/p>\n","protected":false},"excerpt":{"rendered":"<p>A Cookie ist eine kleine Textdatei, die in Ihrem Browser gespeichert, wenn Sie fast jede Webseite besuchen. Sein Nutzen ist, dass die Bahn der Lage ist, Ihren Besuch zu erinnern, wenn ich wieder diese Seite zu surfen. Die Cookies speichert oft technische Informationen, pers\u00f6nliche Vorlieben, Content-Personalisierung, Nutzungsstatistiken, Links zu sozialen Netzwerken, Zugriff auf Benutzerkonten usw. [&hellip;]<\/p>\n","protected":false},"author":1,"featured_media":0,"parent":0,"menu_order":0,"comment_status":"closed","ping_status":"closed","template":"","meta":{"_et_pb_use_builder":"on","_et_pb_old_content":"","_et_gb_content_width":"","inline_featured_image":false,"footnotes":""},"class_list":["post-4705","page","type-page","status-publish","hentry"],"_links":{"self":[{"href":"https:\/\/fincacatering.com\/de\/wp-json\/wp\/v2\/pages\/4705","targetHints":{"allow":["GET"]}}],"collection":[{"href":"https:\/\/fincacatering.com\/de\/wp-json\/wp\/v2\/pages"}],"about":[{"href":"https:\/\/fincacatering.com\/de\/wp-json\/wp\/v2\/types\/page"}],"author":[{"embeddable":true,"href":"https:\/\/fincacatering.com\/de\/wp-json\/wp\/v2\/users\/1"}],"replies":[{"embeddable":true,"href":"https:\/\/fincacatering.com\/de\/wp-json\/wp\/v2\/comments?post=4705"}],"version-history":[{"count":1,"href":"https:\/\/fincacatering.com\/de\/wp-json\/wp\/v2\/pages\/4705\/revisions"}],"predecessor-version":[{"id":7475,"href":"https:\/\/fincacatering.com\/de\/wp-json\/wp\/v2\/pages\/4705\/revisions\/7475"}],"wp:attachment":[{"href":"https:\/\/fincacatering.com\/de\/wp-json\/wp\/v2\/media?parent=4705"}],"curies":[{"name":"wp","href":"https:\/\/api.w.org\/{rel}","templated":true}]}}