{"id":4723,"date":"2014-05-21T08:20:39","date_gmt":"2014-05-21T08:20:39","guid":{"rendered":"https:\/\/fincacatering.com\/nueva\/aviso-legal\/"},"modified":"2024-03-14T16:20:57","modified_gmt":"2024-03-14T16:20:57","slug":"aviso-legal","status":"publish","type":"page","link":"https:\/\/fincacatering.com\/de\/aviso-legal\/","title":{"rendered":"Impressum"},"content":{"rendered":"<p>[et_pb_section fb_built=&#8220;1&#8243; fullwidth=&#8220;on&#8220; admin_label=&#8220;section&#8220; _builder_version=&#8220;4.16&#8243; background_color=&#8220;#eeeeee&#8220; transparent_background=&#8220;off&#8220; make_fullwidth=&#8220;off&#8220; use_custom_width=&#8220;off&#8220; width_unit=&#8220;on&#8220; global_colors_info=&#8220;{}&#8220;][et_pb_fullwidth_header title=&#8220;Impressum&#8220; content_max_width=&#8220;none&#8220; admin_label=&#8220;Titulo&#8220; _builder_version=&#8220;4.16&#8243; background_color=&#8220;rgba(255, 255, 255, 0)&#8220; background_layout=&#8220;light&#8220; button_one_letter_spacing_hover=&#8220;0&#8243; button_two_letter_spacing_hover=&#8220;0&#8243; global_colors_info=&#8220;{}&#8220; button_one_text_size__hover_enabled=&#8220;off&#8220; button_two_text_size__hover_enabled=&#8220;off&#8220; button_one_text_color__hover_enabled=&#8220;off&#8220; button_two_text_color__hover_enabled=&#8220;off&#8220; button_one_border_width__hover_enabled=&#8220;off&#8220; button_two_border_width__hover_enabled=&#8220;off&#8220; button_one_border_color__hover_enabled=&#8220;off&#8220; button_two_border_color__hover_enabled=&#8220;off&#8220; button_one_border_radius__hover_enabled=&#8220;off&#8220; button_two_border_radius__hover_enabled=&#8220;off&#8220; button_one_letter_spacing__hover_enabled=&#8220;on&#8220; button_one_letter_spacing__hover=&#8220;0&#8243; button_two_letter_spacing__hover_enabled=&#8220;on&#8220; button_two_letter_spacing__hover=&#8220;0&#8243; button_one_bg_color__hover_enabled=&#8220;off&#8220; button_two_bg_color__hover_enabled=&#8220;off&#8220;][\/et_pb_fullwidth_header][\/et_pb_section][et_pb_section fb_built=&#8220;1&#8243; admin_label=&#8220;section&#8220; _builder_version=&#8220;4.16&#8243; global_colors_info=&#8220;{}&#8220;][et_pb_row admin_label=&#8220;row&#8220; _builder_version=&#8220;4.16&#8243; background_size=&#8220;initial&#8220; background_position=&#8220;top_left&#8220; background_repeat=&#8220;repeat&#8220; global_colors_info=&#8220;{}&#8220;][et_pb_column type=&#8220;4_4&#8243; _builder_version=&#8220;4.16&#8243; custom_padding=&#8220;|||&#8220; global_colors_info=&#8220;{}&#8220; custom_padding__hover=&#8220;|||&#8220;][et_pb_text admin_label=&#8220;Texto&#8220; _builder_version=&#8220;4.16&#8243; background_size=&#8220;initial&#8220; background_position=&#8220;top_left&#8220; background_repeat=&#8220;repeat&#8220; use_border_color=&#8220;off&#8220; border_color=&#8220;#ffffff&#8220; border_style=&#8220;solid&#8220; global_colors_info=&#8220;{}&#8220;]<\/p>\n<h2>1. Verwendung von Dienst<\/h2>\n<p>Im Allgemeinen und unter den besonderen Bedingungen und Bedingungen in den Abschnitten bestimmt werden, um bestimmte Dienste entsprechen, stimmen die Nutzer mit diesen Bedingungen und Nutzungsbedingungen zu erf\u00fcllen, und immer handeln nach dem Gesetz, gut Moral und die Anforderungen von Treu und Glauben, die Sorgfalt entsprechend der Art des Dienstes durch den Verzicht auf die Nutzung der Website in irgendeiner Weise erw\u00e4hnt www.fincacatering.com und andere Internet-Adressen verwenden, die genossen, Sch\u00e4den oder verschlechtern kann behindern die normale Funktion, das Eigentum oder Rechte <strong> Top Catering Event &amp; Organisation<\/strong> , die anderen Benutzer oder allgemein Dritte.<br \/>\nInsbesondere und ohne jegliche Beschr\u00e4nkung der Verpflichtung zur Vornahme von dem Benutzer im Allgemeinen gem\u00e4\u00df dem vorstehenden Absatz angenommen, stimmen die Nutzer \u00fcber die Verwendung von <a href=\"\u201ehttps:\/\/fincacatering.com\"> www.fincacatering.com <\/a>:<br \/>\nSie nicht, zu speichern oder \u00fcbertragen oder von der Website eingeben, Informationen oder Material, das verleumderisch, obsz\u00f6n, bedrohlich, ausl\u00e4nderfeindlich, stachelt Gewalt oder Diskriminierung aufgrund von Rasse, Geschlecht, Ideologie, Religion oder in irgendeiner Form abtr\u00e4glich Moral, der \u00f6ffentlichen Ordnung, Grundrechte, die \u00f6ffentlichen Freiheiten, Ehre, Privatsph\u00e4re oder das Bild der anderen und allgemeine Vorschriften.<br \/>\nSie nicht, zu speichern oder \u00fcbertragen \u00fcber die Website jedes Computerprogramm, Daten, Viren, Code, Hardware oder Telekommunikationsger\u00e4te oder ein anderes Instrument oder elektronisches oder physisches Ger\u00e4t eingeben, die von Sch\u00e4den an der Website, in einen der Dienste der Lage ist, , oder eines der Ger\u00e4te, Systeme oder Netzwerke <strong> Top Catering Event &amp; Organisation<\/strong> , von jedem Benutzer oder allgemein jeder Dritte. Oder sonst in der Lage sein, jede Ver\u00e4nderung zu bewirken oder den normalen Betrieb davon verhindern.<br \/>\nKeine falschen Identit\u00e4ten verwenden oder andere in der Nutzung der Website oder die Verwendung von einem des Dienst der Website ausgeben, einschlie\u00dflich der Verwendung von Passw\u00f6rtern oder Zugangscodes Dritter oder anderweitig. Nicht zu zerst\u00f6ren, ver\u00e4ndern, so verwendet, deaktivieren oder Besch\u00e4digung Daten, Informationen, Programme oder elektronische Dokumente <strong> Top Catering Event &amp;Organisation<\/strong> oder Dritten.<\/p>\n<h2>2. Sicherheit und Schutz personenbezogener<\/h2>\n<p>Daten<br \/>\n<strong> Top Catering Event &amp; Organisation<\/strong> garantiert die Annahme geeigneter Ma\u00dfnahmen, um die vertrauliche Behandlung von Kundendaten zu gew\u00e4hrleisten, die am Sitz des Unternehmens oder per E-Mail durch den Eigent\u00fcmer pers\u00f6nlich angesehen oder ver\u00e4ndert werden k\u00f6nnen.<br \/>\nBoletines.- Empfang regelm\u00e4\u00dfige Newsletter mit den neuesten Nachrichten aus www.fincacatering.com zu erhalten, mu\u00df bei der Registrierung w\u00e4hlen, die \u201ew\u00fcnschen Nachrichtensendungen \u00fcber das Internet zu empfangen\u201c. So erhalten Sie Newsletter auf dem E-Mail-Konto, das wir angedeutet haben. Im Falle einer nicht sie wollen sp\u00e4ter erhalten, k\u00f6nnen Sie jederzeit abmelden vom Newsletter sagte.<br \/>\n<strong> Top Catering Event &amp; Organisation<\/strong> verpflichtet sich gegen\u00fcber einem Anti-Spam-Richtlinie nicht Ihre E-Mail an ein beliebiges System von Versenden von Massen-E-Mails zur Verf\u00fcgung zu stellen.<br \/>\n<strong> Stornierung Online-Daten der Benutzer \/ Client<\/strong>.- Zu jeder Zeit k\u00f6nnen Sie Ihre Kundendaten als www.fincacatering.com l\u00f6schen es in der Mail angeben info@fincacatering.com<br \/>\n<strong> Datenschutz<\/strong>.- Wir informieren Sie, dass die in eine von <strong> Top Catering Event &amp; eigenen<\/strong> Datei erhobenen personenbezogenen Daten aufgenommen werden; Organisation (File Manager), und im Register der spanischen Datenschutzbeh\u00f6rde registriert, die die Privatsph\u00e4re von Daten und das Senden von Informationen und Werbung Newsletter gew\u00e4hrleisten sollen.<\/p>\n<h2>3. Recht und Gerichtsstand<\/h2>\n<p>Alles, was nicht in diesen Bedingungen angegeben wird in \u00dcbereinstimmung mit den Bestimmungen der Gesetzgebung \u00fcber den Handel behandelt, zumal es das organische Gesetz 2\/1996 vom Januar 15 Trade Management und Recht 7\/1996 von 15 beeinflusst Januar Retail-Management sowie andere erg\u00e4nzende Rechtsvorschriften \u00fcber Fernabsatz und elektronischen Gesch\u00e4ftsverkehr.<br \/>\nDiese Bedingungen werden im Lichte der geltenden Gesetzgebung in Spanien \u00fcber den Handel interpretiert, die unter diesen Bedingungen in all diesen Aspekten nicht abgedeckt gelten.<br \/>\nNutzer ausdr\u00fccklich auf die Zust\u00e4ndigkeit der Gerichte von Barcelona (Spanien) einreichen, ausdr\u00fccklich einer anderen Gerichtsbarkeit zu verzichten, die entsprechen.[\/et_pb_text][\/et_pb_column][\/et_pb_row][\/et_pb_section]<\/p>\n","protected":false},"excerpt":{"rendered":"<p>1. Verwendung von Dienst Im Allgemeinen und unter den besonderen Bedingungen und Bedingungen in den Abschnitten bestimmt werden, um bestimmte Dienste entsprechen, stimmen die Nutzer mit diesen Bedingungen und Nutzungsbedingungen zu erf\u00fcllen, und immer handeln nach dem Gesetz, gut Moral und die Anforderungen von Treu und Glauben, die Sorgfalt entsprechend der Art des Dienstes durch [&hellip;]<\/p>\n","protected":false},"author":1,"featured_media":0,"parent":0,"menu_order":0,"comment_status":"closed","ping_status":"closed","template":"","meta":{"_et_pb_use_builder":"on","_et_pb_old_content":"","_et_gb_content_width":"","inline_featured_image":false,"footnotes":""},"class_list":["post-4723","page","type-page","status-publish","hentry"],"_links":{"self":[{"href":"https:\/\/fincacatering.com\/de\/wp-json\/wp\/v2\/pages\/4723","targetHints":{"allow":["GET"]}}],"collection":[{"href":"https:\/\/fincacatering.com\/de\/wp-json\/wp\/v2\/pages"}],"about":[{"href":"https:\/\/fincacatering.com\/de\/wp-json\/wp\/v2\/types\/page"}],"author":[{"embeddable":true,"href":"https:\/\/fincacatering.com\/de\/wp-json\/wp\/v2\/users\/1"}],"replies":[{"embeddable":true,"href":"https:\/\/fincacatering.com\/de\/wp-json\/wp\/v2\/comments?post=4723"}],"version-history":[{"count":1,"href":"https:\/\/fincacatering.com\/de\/wp-json\/wp\/v2\/pages\/4723\/revisions"}],"predecessor-version":[{"id":7452,"href":"https:\/\/fincacatering.com\/de\/wp-json\/wp\/v2\/pages\/4723\/revisions\/7452"}],"wp:attachment":[{"href":"https:\/\/fincacatering.com\/de\/wp-json\/wp\/v2\/media?parent=4723"}],"curies":[{"name":"wp","href":"https:\/\/api.w.org\/{rel}","templated":true}]}}