{"id":5202,"date":"2017-09-21T12:32:27","date_gmt":"2017-09-21T12:32:27","guid":{"rendered":"https:\/\/fincacatering.com\/nueva\/individual-y-personal\/"},"modified":"2024-03-27T10:27:02","modified_gmt":"2024-03-27T10:27:02","slug":"individuell-und-persoenlich","status":"publish","type":"page","link":"https:\/\/fincacatering.com\/de\/individuell-und-persoenlich\/","title":{"rendered":"Individuell und Pers\u00f6nlich"},"content":{"rendered":"<p>[et_pb_section fb_built=&#8220;1&#8243; _builder_version=&#8220;4.16&#8243; global_colors_info=&#8220;{}&#8220;][et_pb_row _builder_version=&#8220;4.16&#8243; background_color=&#8220;#fdf8ec&#8220; background_size=&#8220;initial&#8220; background_position=&#8220;top_left&#8220; background_repeat=&#8220;repeat&#8220; global_colors_info=&#8220;{}&#8220;][et_pb_column type=&#8220;4_4&#8243; _builder_version=&#8220;4.16&#8243; background_position=&#8220;top_left&#8220; custom_padding=&#8220;|||&#8220; global_colors_info=&#8220;{}&#8220; custom_padding__hover=&#8220;|||&#8220;][et_pb_text admin_label=&#8220;Titulo&#8220; module_class=&#8220;titulopagina&#8220; _builder_version=&#8220;4.16&#8243; background_size=&#8220;initial&#8220; background_position=&#8220;top_left&#8220; background_repeat=&#8220;repeat&#8220; border_style=&#8220;solid&#8220; global_colors_info=&#8220;{}&#8220;]<\/p>\n<h1>INDIVIDUELL UND PERS\u00d6NLICH<\/h1>\n<p>[\/et_pb_text][\/et_pb_column][\/et_pb_row][et_pb_row column_structure=&#8220;2_3,1_3&#8243; _builder_version=&#8220;4.16&#8243; background_size=&#8220;initial&#8220; background_position=&#8220;top_left&#8220; background_repeat=&#8220;repeat&#8220; global_colors_info=&#8220;{}&#8220;][et_pb_column type=&#8220;2_3&#8243; _builder_version=&#8220;4.16&#8243; custom_padding=&#8220;|||&#8220; global_colors_info=&#8220;{}&#8220; custom_padding__hover=&#8220;|||&#8220;][et_pb_image src=&#8220;https:\/\/fincacatering.com\/wp-content\/uploads\/2024\/03\/INDIVIDUELPERSONLICH.png&#8220; title_text=&#8220;INDIVIDUEL&#038;PERSONLICH&#8220; align_tablet=&#8220;center&#8220; align_phone=&#8220;&#8220; align_last_edited=&#8220;on|desktop&#8220; _builder_version=&#8220;4.24.2&#8243; animation_style=&#8220;slide&#8220; animation_direction=&#8220;left&#8220; animation_duration=&#8220;500ms&#8220; animation_intensity_slide=&#8220;10%&#8220; global_colors_info=&#8220;{}&#8220;][\/et_pb_image][et_pb_heading title=&#8220;Pers\u00f6nliche Betreuung und ma\u00dfgeschneiderte Catering auf Mallorca&#8220; _builder_version=&#8220;4.24.2&#8243; _module_preset=&#8220;default&#8220; title_level=&#8220;h2&#8243; title_font=&#8220;EB Garamond|700|||||||&#8220; title_font_size=&#8220;16px&#8220; global_colors_info=&#8220;{}&#8220;][\/et_pb_heading][et_pb_text _builder_version=&#8220;4.24.2&#8243; background_size=&#8220;initial&#8220; background_position=&#8220;top_left&#8220; background_repeat=&#8220;repeat&#8220; border_style=&#8220;solid&#8220; global_colors_info=&#8220;{}&#8220;]Willkommen bei Carol Bell\u00e9s und Stefan Schm\u00e4ing \u2013 Ihr Catering auf Mallorca des unvergesslichen Erlebnisses. Wir verstehen, dass Ihr Event so einzigartig sein sollte wie Sie selbst. Deshalb setzen wir Ihre W\u00fcnsche und Visionen an die erste Stelle unserer Planung. Wir sind Ihr pers\u00f6nlicher Begleiter, von der ersten Idee bis zur perfekten Umsetzung.<\/p>\n<p>Unser Ziel? Ihre Tr\u00e4ume in die Realit\u00e4t umzusetzen. Mit ma\u00dfgeschneiderten, kreativen L\u00f6sungen, die genau auf Sie zugeschnitten sind. Wir halten Sie immer auf dem Laufenden, sorgen f\u00fcr Transparenz und eine offene Kommunikation, damit Sie den \u00dcberblick behalten.<\/p>\n<p>Wir nehmen uns die Zeit, die n\u00f6tig ist, damit jedes Detail passt und investieren in einen durchdachten Planungsprozess. Ihr Vertrauen und Ihre Zufriedenheit sind f\u00fcr uns das Wichtigste. Lassen Sie uns gemeinsam Ihr n\u00e4chstes Event zu einem Kapitel Ihrer Lebensgeschichte machen, das Sie nie vergessen werden.<\/p>\n<p>Mit herzlichsten Gr\u00fc\u00dfen und den besten W\u00fcnschen f\u00fcr Ihre bevorstehende Feier, Carol Bell\u00e9s, Stefan Schm\u00e4ing und das Team von Finca Catering auf Mallorca.[\/et_pb_text][\/et_pb_column][et_pb_column type=&#8220;1_3&#8243; _builder_version=&#8220;4.16&#8243; custom_padding=&#8220;|||&#8220; global_colors_info=&#8220;{}&#8220; custom_padding__hover=&#8220;|||&#8220;][et_pb_code _builder_version=&#8220;4.24.2&#8243; _module_preset=&#8220;default&#8220; global_colors_info=&#8220;{}&#8220;]\n<div class=\"wpcf7 no-js\" id=\"wpcf7-f6643-o1\" lang=\"en-US\" dir=\"ltr\" data-wpcf7-id=\"6643\">\n<div class=\"screen-reader-response\"><p role=\"status\" aria-live=\"polite\" aria-atomic=\"true\"><\/p> <ul><\/ul><\/div>\n<form action=\"\/de\/wp-json\/wp\/v2\/pages\/5202#wpcf7-f6643-o1\" method=\"post\" class=\"wpcf7-form init\" aria-label=\"Contact form\" novalidate=\"novalidate\" data-status=\"init\">\n<fieldset class=\"hidden-fields-container\"><input type=\"hidden\" name=\"_wpcf7\" value=\"6643\" \/><input type=\"hidden\" name=\"_wpcf7_version\" value=\"6.1.5\" \/><input type=\"hidden\" name=\"_wpcf7_locale\" value=\"en_US\" \/><input type=\"hidden\" name=\"_wpcf7_unit_tag\" value=\"wpcf7-f6643-o1\" \/><input type=\"hidden\" name=\"_wpcf7_container_post\" value=\"0\" \/><input type=\"hidden\" name=\"_wpcf7_posted_data_hash\" value=\"\" \/><input type=\"hidden\" name=\"_wpcf7dtx_version\" value=\"5.0.4\" \/>\n<\/fieldset>\n<span class=\"wpcf7-form-control-wrap servicio\" data-name=\"servicio\"><input type=\"hidden\" name=\"servicio\" class=\"wpcf7-form-control wpcf7-hidden wpcf7dtx wpcf7dtx-hidden\" aria-invalid=\"false\" value=\"Individuell und Pers\u00f6nlich\"><\/span>\n<div class=\"form-finca\">\n\t<h4>Get more info:\n\t<\/h4>\n\t<p>Name *\n\t<\/p>\n\t<p><span class=\"wpcf7-form-control-wrap\" data-name=\"your-name\"><input size=\"40\" maxlength=\"400\" class=\"wpcf7-form-control wpcf7-text wpcf7-validates-as-required\" aria-required=\"true\" aria-invalid=\"false\" value=\"\" type=\"text\" name=\"your-name\" \/><\/span>\n\t<\/p>\n\t<p>Email *\n\t<\/p>\n\t<p><span class=\"wpcf7-form-control-wrap\" data-name=\"your-email\"><input size=\"40\" maxlength=\"400\" class=\"wpcf7-form-control wpcf7-email wpcf7-validates-as-required wpcf7-text wpcf7-validates-as-email\" aria-required=\"true\" aria-invalid=\"false\" value=\"\" type=\"email\" name=\"your-email\" \/><\/span>\n\t<\/p>\n\t<p>Telefon\n\t<\/p>\n\t<p><span class=\"wpcf7-form-control-wrap\" data-name=\"your-phone\"><input size=\"40\" maxlength=\"400\" class=\"wpcf7-form-control wpcf7-text\" aria-invalid=\"false\" value=\"\" type=\"text\" name=\"your-phone\" \/><\/span>\n\t<\/p>\n\t<p>Nachricht\n\t<\/p>\n\t<p><span class=\"wpcf7-form-control-wrap\" data-name=\"your-message\"><textarea cols=\"40\" rows=\"10\" maxlength=\"2000\" class=\"wpcf7-form-control wpcf7-textarea\" aria-invalid=\"false\" name=\"your-message\"><\/textarea><\/span>\n\t<\/p>\n\t<p><span class=\"wpcf7-form-control-wrap\" data-name=\"politica\"><span class=\"wpcf7-form-control wpcf7-acceptance\"><span class=\"wpcf7-list-item\"><input type=\"checkbox\" name=\"politica\" value=\"1\" aria-invalid=\"false\" \/><\/span><\/span><\/span> Ich habe die Datenschutzerkl\u00e4rung gelesen und stimme dieser zu\n\t<\/p>\n\t<p><input class=\"wpcf7-form-control wpcf7-submit has-spinner\" type=\"submit\" value=\"Senden\" \/>\n\t<\/p>\n<\/div><p style=\"display: none !important;\" class=\"akismet-fields-container\" data-prefix=\"_wpcf7_ak_\"><label>&#916;<textarea name=\"_wpcf7_ak_hp_textarea\" cols=\"45\" rows=\"8\" maxlength=\"100\"><\/textarea><\/label><input type=\"hidden\" id=\"ak_js_1\" name=\"_wpcf7_ak_js\" value=\"76\"\/><script>document.getElementById( \"ak_js_1\" ).setAttribute( \"value\", ( new Date() ).getTime() );<\/script><\/p><div class=\"wpcf7-response-output\" aria-hidden=\"true\"><\/div>\n<\/form>\n<\/div>\n[\/et_pb_code][\/et_pb_column][\/et_pb_row][\/et_pb_section][et_pb_section fb_built=&#8220;1&#8243; _builder_version=&#8220;4.24.2&#8243; _module_preset=&#8220;default&#8220; global_colors_info=&#8220;{}&#8220;][et_pb_row _builder_version=&#8220;4.24.2&#8243; _module_preset=&#8220;default&#8220; global_colors_info=&#8220;{}&#8220;][et_pb_column type=&#8220;4_4&#8243; _builder_version=&#8220;4.24.2&#8243; _module_preset=&#8220;default&#8220; global_colors_info=&#8220;{}&#8220;][et_pb_heading title=&#8220;Qualit\u00e4t und Sicherheit bei Finca Catering&#8220; _builder_version=&#8220;4.24.2&#8243; _module_preset=&#8220;default&#8220; title_level=&#8220;h2&#8243; title_font=&#8220;EB Garamond|700|||||||&#8220; title_font_size=&#8220;22px&#8220; global_colors_info=&#8220;{}&#8220;][\/et_pb_heading][et_pb_heading title=&#8220;Unser Engagement f\u00fcr Exzellenz&#8220; _builder_version=&#8220;4.24.2&#8243; _module_preset=&#8220;default&#8220; title_level=&#8220;h2&#8243; title_font=&#8220;EB Garamond|700|||||||&#8220; title_font_size=&#8220;16px&#8220; global_colors_info=&#8220;{}&#8220;][\/et_pb_heading][et_pb_text _builder_version=&#8220;4.24.2&#8243; background_size=&#8220;initial&#8220; background_position=&#8220;top_left&#8220; background_repeat=&#8220;repeat&#8220; border_style=&#8220;solid&#8220; global_colors_info=&#8220;{}&#8220;]Bei Finca Catering ist die Qualit\u00e4t und Sicherheit Ihrer Speisen unser h\u00f6chstes Gebot. Wir verstehen, dass das Vertrauen unserer Kunden die Grundlage unseres Erfolgs ist. Deshalb unterziehen wir uns regelm\u00e4\u00dfigen Kontrollen durch ein unabh\u00e4ngiges Institut f\u00fcr Lebensmittelsicherheit. Diese Ma\u00dfnahme gew\u00e4hrleistet, dass unsere kulinarischen Kreationen stets den h\u00f6chsten Standards entsprechen und Sie bedenkenlos genie\u00dfen k\u00f6nnen.<br \/>\nWir sind stolz darauf, als Top-Catering-Unternehmen B57283392 beim Gesundheitsamt auf Mallorca anerkannt zu sein.<br \/>\nIhr Wohlbefinden im Fokus.<\/p>\n<p>Ihre Gesundheit und Zufriedenheit sind unser prim\u00e4res Anliegen. Wir setzen alles daran, Ihnen ein sicheres und au\u00dfergew\u00f6hnliches Catering-Erlebnis zu bieten. Mit Finca Catering k\u00f6nnen Sie sich entspannt zur\u00fccklehnen und Ihr Event in vollen Z\u00fcgen genie\u00dfen, w\u00e4hrend wir uns um das Wohl Ihrer G\u00e4ste k\u00fcmmern.<\/p>\n<p>Offizielle Registrierung<br \/>\nUnser Unternehmen ist offiziell im Handelsregister f\u00fcr Catering von Mallorca eingetragen: Tomo 2071, Folio 123, Hoja PM-47657.<br \/>\nDiese Transparenz unterstreicht unser Engagement f\u00fcr Professionalit\u00e4t und Vertrauensw\u00fcrdigkeit in der Catering-Branche.<br \/>\nBei Finca Catering sind Sie in sicheren H\u00e4nden. Wir freuen uns darauf, Sie und Ihre G\u00e4ste mit erstklassigen gastronomischen Erlebnissen zu verw\u00f6hnen.[\/et_pb_text][\/et_pb_column][\/et_pb_row][\/et_pb_section]<\/p>\n","protected":false},"excerpt":{"rendered":"<p>INDIVIDUELL UND PERS\u00d6NLICH Willkommen bei Carol Bell\u00e9s und Stefan Schm\u00e4ing \u2013 Ihr Catering auf Mallorca des unvergesslichen Erlebnisses. Wir verstehen, dass Ihr Event so einzigartig sein sollte wie Sie selbst. Deshalb setzen wir Ihre W\u00fcnsche und Visionen an die erste Stelle unserer Planung. Wir sind Ihr pers\u00f6nlicher Begleiter, von der ersten Idee bis zur perfekten [&hellip;]<\/p>\n","protected":false},"author":1,"featured_media":0,"parent":0,"menu_order":0,"comment_status":"closed","ping_status":"closed","template":"","meta":{"_et_pb_use_builder":"on","_et_pb_old_content":"","_et_gb_content_width":"","inline_featured_image":false,"footnotes":""},"class_list":["post-5202","page","type-page","status-publish","hentry"],"_links":{"self":[{"href":"https:\/\/fincacatering.com\/de\/wp-json\/wp\/v2\/pages\/5202","targetHints":{"allow":["GET"]}}],"collection":[{"href":"https:\/\/fincacatering.com\/de\/wp-json\/wp\/v2\/pages"}],"about":[{"href":"https:\/\/fincacatering.com\/de\/wp-json\/wp\/v2\/types\/page"}],"author":[{"embeddable":true,"href":"https:\/\/fincacatering.com\/de\/wp-json\/wp\/v2\/users\/1"}],"replies":[{"embeddable":true,"href":"https:\/\/fincacatering.com\/de\/wp-json\/wp\/v2\/comments?post=5202"}],"version-history":[{"count":16,"href":"https:\/\/fincacatering.com\/de\/wp-json\/wp\/v2\/pages\/5202\/revisions"}],"predecessor-version":[{"id":7754,"href":"https:\/\/fincacatering.com\/de\/wp-json\/wp\/v2\/pages\/5202\/revisions\/7754"}],"wp:attachment":[{"href":"https:\/\/fincacatering.com\/de\/wp-json\/wp\/v2\/media?parent=5202"}],"curies":[{"name":"wp","href":"https:\/\/api.w.org\/{rel}","templated":true}]}}