{"id":5247,"date":"2017-09-22T10:33:54","date_gmt":"2017-09-22T10:33:54","guid":{"rendered":"https:\/\/fincacatering.com\/alquila-tu-evento\/"},"modified":"2024-03-11T14:30:26","modified_gmt":"2024-03-11T14:30:26","slug":"rent-your-event","status":"publish","type":"page","link":"https:\/\/fincacatering.com\/de\/rent-your-event\/","title":{"rendered":"Rent your event"},"content":{"rendered":"<p>[et_pb_section fb_built=&#8220;1&#8243; _builder_version=&#8220;4.16&#8243; global_colors_info=&#8220;{}&#8220;][et_pb_row _builder_version=&#8220;4.16&#8243; background_color=&#8220;#fdf8ec&#8220; background_size=&#8220;initial&#8220; background_position=&#8220;top_left&#8220; background_repeat=&#8220;repeat&#8220; global_colors_info=&#8220;{}&#8220;][et_pb_column type=&#8220;4_4&#8243; _builder_version=&#8220;4.16&#8243; background_position=&#8220;top_left&#8220; custom_padding=&#8220;|||&#8220; global_colors_info=&#8220;{}&#8220; custom_padding__hover=&#8220;|||&#8220;][et_pb_text module_class=&#8220;titulopagina&#8220; _builder_version=&#8220;4.16&#8243; background_size=&#8220;initial&#8220; background_position=&#8220;top_left&#8220; background_repeat=&#8220;repeat&#8220; border_style=&#8220;solid&#8220; global_colors_info=&#8220;{}&#8220;]<\/p>\n<h1>Rent your event<\/h1>\n<p>[\/et_pb_text][\/et_pb_column][\/et_pb_row][et_pb_row column_structure=&#8220;3_5,2_5&#8243; _builder_version=&#8220;4.16&#8243; background_size=&#8220;initial&#8220; background_position=&#8220;top_left&#8220; background_repeat=&#8220;repeat&#8220; global_colors_info=&#8220;{}&#8220;][et_pb_column type=&#8220;3_5&#8243; _builder_version=&#8220;4.16&#8243; custom_padding=&#8220;|||&#8220; global_colors_info=&#8220;{}&#8220; custom_padding__hover=&#8220;|||&#8220;][et_pb_image src=&#8220;https:\/\/fincacatering.com\/wp-content\/uploads\/2024\/03\/RENT-YOUR-EVENT.jpeg&#8220; title_text=&#8220;RENT YOUR EVENT&#8220; _builder_version=&#8220;4.24.2&#8243; _module_preset=&#8220;default&#8220; global_colors_info=&#8220;{}&#8220;][\/et_pb_image][et_pb_text _builder_version=&#8220;4.24.2&#8243; background_size=&#8220;initial&#8220; background_position=&#8220;top_left&#8220; background_repeat=&#8220;repeat&#8220; hover_enabled=&#8220;0&#8243; border_style=&#8220;solid&#8220; global_colors_info=&#8220;{}&#8220; sticky_enabled=&#8220;0&#8243;]Ob romantische Hochzeit, exklusive White Party, bedeutender Geburtstag, stilvolles Firmenevent oder ausgelassene Familienfeier \u2013 in unserem Sortiment finden Sie die ideale Ausstattung, die jedem Rahmen und jeder Gelegenheit gerecht wird. Wir bieten Ihnen nicht nur elegantes Geschirr, Besteck und Gl\u00e4ser, die die Tische Ihrer G\u00e4ste schm\u00fccken, sondern auch eine breite Auswahl an Bestuhlung, Tischen, Chill-Out M\u00f6beln und beleuchteten Elementen, die Ihrem Event eine ganz besondere und unvergessliche Atmosph\u00e4re verleihen.<\/p>\n<p>Unser breitgef\u00e4chertes Angebot ist darauf ausgerichtet, jedes Detail Ihres Events zum Gl\u00e4nzen zu bringen und die gew\u00fcnschte Stimmung perfekt zu erfassen. Mit einer Kombination aus Stil, Komfort und einem Hauch von Luxus wird jede Veranstaltung zu einem beeindruckenden Erlebnis f\u00fcr Sie und Ihre G\u00e4ste.<\/p>\n<p>Wir laden Sie herzlich ein, unseren Showroom zu besuchen und sich pers\u00f6nlich einen Eindruck von der Qualit\u00e4t und Vielfalt unserer Event-Ausstattung zu machen. Lassen Sie sich von unseren erfahrenen Mitarbeitern beraten und finden Sie genau die Elemente, die Ihr Fest zu einem Highlight machen werden.<\/p>\n<p>Mit herzlichsten Gr\u00fc\u00dfen und den besten W\u00fcnschen f\u00fcr Ihre bevorstehende Feier,<br \/>\nCarol Bell\u00e9s und das Team von Finca Catering[\/et_pb_text][\/et_pb_column][et_pb_column type=&#8220;2_5&#8243; _builder_version=&#8220;4.16&#8243; custom_padding=&#8220;|||&#8220; global_colors_info=&#8220;{}&#8220; custom_padding__hover=&#8220;|||&#8220;][et_pb_text _builder_version=&#8220;4.24.2&#8243; background_size=&#8220;initial&#8220; background_position=&#8220;top_left&#8220; background_repeat=&#8220;repeat&#8220; border_style=&#8220;solid&#8220; global_colors_info=&#8220;{}&#8220;]\n<div class=\"wpcf7 no-js\" id=\"wpcf7-f6643-o1\" lang=\"en-US\" dir=\"ltr\" data-wpcf7-id=\"6643\">\n<div class=\"screen-reader-response\"><p role=\"status\" aria-live=\"polite\" aria-atomic=\"true\"><\/p> <ul><\/ul><\/div>\n<form action=\"\/de\/wp-json\/wp\/v2\/pages\/5247#wpcf7-f6643-o1\" method=\"post\" class=\"wpcf7-form init\" aria-label=\"Contact form\" novalidate=\"novalidate\" data-status=\"init\">\n<fieldset class=\"hidden-fields-container\"><input type=\"hidden\" name=\"_wpcf7\" value=\"6643\" \/><input type=\"hidden\" name=\"_wpcf7_version\" value=\"6.1.5\" \/><input type=\"hidden\" name=\"_wpcf7_locale\" value=\"en_US\" \/><input type=\"hidden\" name=\"_wpcf7_unit_tag\" value=\"wpcf7-f6643-o1\" \/><input type=\"hidden\" name=\"_wpcf7_container_post\" value=\"0\" \/><input type=\"hidden\" name=\"_wpcf7_posted_data_hash\" value=\"\" \/><input type=\"hidden\" name=\"_wpcf7dtx_version\" value=\"5.0.4\" \/>\n<\/fieldset>\n<span class=\"wpcf7-form-control-wrap servicio\" data-name=\"servicio\"><input type=\"hidden\" name=\"servicio\" class=\"wpcf7-form-control wpcf7-hidden wpcf7dtx wpcf7dtx-hidden\" aria-invalid=\"false\" value=\"Rent your event\"><\/span>\n<div class=\"form-finca\">\n\t<h4>Get more info:\n\t<\/h4>\n\t<p>Name *\n\t<\/p>\n\t<p><span class=\"wpcf7-form-control-wrap\" data-name=\"your-name\"><input size=\"40\" maxlength=\"400\" class=\"wpcf7-form-control wpcf7-text wpcf7-validates-as-required\" aria-required=\"true\" aria-invalid=\"false\" value=\"\" type=\"text\" name=\"your-name\" \/><\/span>\n\t<\/p>\n\t<p>Email *\n\t<\/p>\n\t<p><span class=\"wpcf7-form-control-wrap\" data-name=\"your-email\"><input size=\"40\" maxlength=\"400\" class=\"wpcf7-form-control wpcf7-email wpcf7-validates-as-required wpcf7-text wpcf7-validates-as-email\" aria-required=\"true\" aria-invalid=\"false\" value=\"\" type=\"email\" name=\"your-email\" \/><\/span>\n\t<\/p>\n\t<p>Telefon\n\t<\/p>\n\t<p><span class=\"wpcf7-form-control-wrap\" data-name=\"your-phone\"><input size=\"40\" maxlength=\"400\" class=\"wpcf7-form-control wpcf7-text\" aria-invalid=\"false\" value=\"\" type=\"text\" name=\"your-phone\" \/><\/span>\n\t<\/p>\n\t<p>Nachricht\n\t<\/p>\n\t<p><span class=\"wpcf7-form-control-wrap\" data-name=\"your-message\"><textarea cols=\"40\" rows=\"10\" maxlength=\"2000\" class=\"wpcf7-form-control wpcf7-textarea\" aria-invalid=\"false\" name=\"your-message\"><\/textarea><\/span>\n\t<\/p>\n\t<p><span class=\"wpcf7-form-control-wrap\" data-name=\"politica\"><span class=\"wpcf7-form-control wpcf7-acceptance\"><span class=\"wpcf7-list-item\"><input type=\"checkbox\" name=\"politica\" value=\"1\" aria-invalid=\"false\" \/><\/span><\/span><\/span> Ich habe die Datenschutzerkl\u00e4rung gelesen und stimme dieser zu\n\t<\/p>\n\t<p><input class=\"wpcf7-form-control wpcf7-submit has-spinner\" type=\"submit\" value=\"Senden\" \/>\n\t<\/p>\n<\/div><p style=\"display: none !important;\" class=\"akismet-fields-container\" data-prefix=\"_wpcf7_ak_\"><label>&#916;<textarea name=\"_wpcf7_ak_hp_textarea\" cols=\"45\" rows=\"8\" maxlength=\"100\"><\/textarea><\/label><input type=\"hidden\" id=\"ak_js_1\" name=\"_wpcf7_ak_js\" value=\"212\"\/><script>document.getElementById( \"ak_js_1\" ).setAttribute( \"value\", ( new Date() ).getTime() );<\/script><\/p><div class=\"wpcf7-response-output\" aria-hidden=\"true\"><\/div>\n<\/form>\n<\/div>\n[\/et_pb_text][\/et_pb_column][\/et_pb_row][\/et_pb_section]<\/p>\n","protected":false},"excerpt":{"rendered":"<p>Rent your eventOb romantische Hochzeit, exklusive White Party, bedeutender Geburtstag, stilvolles Firmenevent oder ausgelassene Familienfeier \u2013 in unserem Sortiment finden Sie die ideale Ausstattung, die jedem Rahmen und jeder Gelegenheit gerecht wird. Wir bieten Ihnen nicht nur elegantes Geschirr, Besteck und Gl\u00e4ser, die die Tische Ihrer G\u00e4ste schm\u00fccken, sondern auch eine breite Auswahl an Bestuhlung, [&hellip;]<\/p>\n","protected":false},"author":1,"featured_media":0,"parent":0,"menu_order":0,"comment_status":"closed","ping_status":"closed","template":"","meta":{"_et_pb_use_builder":"on","_et_pb_old_content":"","_et_gb_content_width":"","inline_featured_image":false,"footnotes":""},"class_list":["post-5247","page","type-page","status-publish","hentry"],"_links":{"self":[{"href":"https:\/\/fincacatering.com\/de\/wp-json\/wp\/v2\/pages\/5247","targetHints":{"allow":["GET"]}}],"collection":[{"href":"https:\/\/fincacatering.com\/de\/wp-json\/wp\/v2\/pages"}],"about":[{"href":"https:\/\/fincacatering.com\/de\/wp-json\/wp\/v2\/types\/page"}],"author":[{"embeddable":true,"href":"https:\/\/fincacatering.com\/de\/wp-json\/wp\/v2\/users\/1"}],"replies":[{"embeddable":true,"href":"https:\/\/fincacatering.com\/de\/wp-json\/wp\/v2\/comments?post=5247"}],"version-history":[{"count":6,"href":"https:\/\/fincacatering.com\/de\/wp-json\/wp\/v2\/pages\/5247\/revisions"}],"predecessor-version":[{"id":7333,"href":"https:\/\/fincacatering.com\/de\/wp-json\/wp\/v2\/pages\/5247\/revisions\/7333"}],"wp:attachment":[{"href":"https:\/\/fincacatering.com\/de\/wp-json\/wp\/v2\/media?parent=5247"}],"curies":[{"name":"wp","href":"https:\/\/api.w.org\/{rel}","templated":true}]}}